{"id":1502,"date":"2020-06-28T08:01:19","date_gmt":"2020-06-28T08:01:19","guid":{"rendered":"https:\/\/aco-institute.com\/?page_id=1502"},"modified":"2021-03-29T15:24:46","modified_gmt":"2021-03-29T15:24:46","slug":"joseph-bouserhal","status":"publish","type":"page","link":"https:\/\/acoinstitute.com\/fr\/joseph-bouserhal\/","title":{"rendered":"JOSEPH BOUSERHAL"},"content":{"rendered":"\t\t<div data-elementor-type=\"wp-page\" data-elementor-id=\"1502\" class=\"elementor elementor-1502\" data-elementor-settings=\"[]\">\n\t\t\t\t\t\t<div class=\"elementor-inner\">\n\t\t\t\t\t\t\t<div class=\"elementor-section-wrap\">\n\t\t\t\t\t\t\t<section class=\"elementor-section elementor-top-section elementor-element elementor-element-c630244 elementor-section-height-min-height animated-slow elementor-section-boxed elementor-section-height-default elementor-section-items-middle elementor-invisible\" data-id=\"c630244\" data-element_type=\"section\" data-settings=\"{&quot;background_background&quot;:&quot;classic&quot;,&quot;animation&quot;:&quot;fadeIn&quot;}\">\n\t\t\t\t\t\t<div class=\"elementor-container elementor-column-gap-default\">\n\t\t\t\t\t\t\t<div class=\"elementor-row\">\n\t\t\t\t\t<div class=\"elementor-column elementor-col-100 elementor-top-column elementor-element elementor-element-0b568d0\" data-id=\"0b568d0\" data-element_type=\"column\">\n\t\t\t<div class=\"elementor-column-wrap\">\n\t\t\t\t\t\t\t<div class=\"elementor-widget-wrap\">\n\t\t\t\t\t\t\t\t<\/div>\n\t\t\t\t\t<\/div>\n\t\t<\/div>\n\t\t\t\t\t\t\t\t<\/div>\n\t\t\t\t\t<\/div>\n\t\t<\/section>\n\t\t\t\t<section class=\"elementor-section elementor-top-section elementor-element elementor-element-7431685 animated-slow elementor-section-boxed elementor-section-height-default elementor-section-height-default elementor-invisible\" data-id=\"7431685\" data-element_type=\"section\" data-settings=\"{&quot;animation&quot;:&quot;fadeIn&quot;,&quot;animation_delay&quot;:200}\">\n\t\t\t\t\t\t<div class=\"elementor-container elementor-column-gap-default\">\n\t\t\t\t\t\t\t<div class=\"elementor-row\">\n\t\t\t\t\t<div class=\"elementor-column elementor-col-50 elementor-top-column elementor-element elementor-element-77044f0\" data-id=\"77044f0\" data-element_type=\"column\">\n\t\t\t<div class=\"elementor-column-wrap elementor-element-populated\">\n\t\t\t\t\t\t\t<div class=\"elementor-widget-wrap\">\n\t\t\t\t\t\t<div class=\"elementor-element elementor-element-32c323c elementor-widget elementor-widget-image\" data-id=\"32c323c\" data-element_type=\"widget\" data-widget_type=\"image.default\">\n\t\t\t\t<div class=\"elementor-widget-container\">\n\t\t\t\t\t\t\t\t<div class=\"elementor-image\">\n\t\t\t\t\t\t\t\t\t\t\t\t<img width=\"615\" height=\"791\" src=\"https:\/\/acoinstitute.com\/fr\/wp-content\/uploads\/2020\/06\/joseph-1.jpg\" class=\"attachment-large size-large\" alt=\"\" loading=\"lazy\" srcset=\"https:\/\/acoinstitute.com\/fr\/wp-content\/uploads\/2020\/06\/joseph-1.jpg 615w, https:\/\/acoinstitute.com\/fr\/wp-content\/uploads\/2020\/06\/joseph-1-233x300.jpg 233w, https:\/\/acoinstitute.com\/fr\/wp-content\/uploads\/2020\/06\/joseph-1-442x569.jpg 442w, https:\/\/acoinstitute.com\/fr\/wp-content\/uploads\/2020\/06\/joseph-1-210x270.jpg 210w\" sizes=\"(max-width: 615px) 100vw, 615px\" \/>\t\t\t\t\t\t\t\t\t\t\t\t\t\t<\/div>\n\t\t\t\t\t\t<\/div>\n\t\t\t\t<\/div>\n\t\t\t\t\t\t<\/div>\n\t\t\t\t\t<\/div>\n\t\t<\/div>\n\t\t\t\t<div class=\"elementor-column elementor-col-50 elementor-top-column elementor-element elementor-element-891c631\" data-id=\"891c631\" data-element_type=\"column\">\n\t\t\t<div class=\"elementor-column-wrap elementor-element-populated\">\n\t\t\t\t\t\t\t<div class=\"elementor-widget-wrap\">\n\t\t\t\t\t\t<div class=\"elementor-element elementor-element-7c775d8 elementor-hidden-tablet elementor-hidden-phone elementor-widget elementor-widget-spacer\" data-id=\"7c775d8\" data-element_type=\"widget\" data-widget_type=\"spacer.default\">\n\t\t\t\t<div class=\"elementor-widget-container\">\n\t\t\t\t\t<div class=\"elementor-spacer\">\n\t\t\t<div class=\"elementor-spacer-inner\"><\/div>\n\t\t<\/div>\n\t\t\t\t<\/div>\n\t\t\t\t<\/div>\n\t\t\t\t<div class=\"elementor-element elementor-element-022687c elementor-widget elementor-widget-heading\" data-id=\"022687c\" data-element_type=\"widget\" data-widget_type=\"heading.default\">\n\t\t\t\t<div class=\"elementor-widget-container\">\n\t\t\t<h3 class=\"elementor-heading-title elementor-size-default\">Joseph Bouserhal<\/h3>\t\t<\/div>\n\t\t\t\t<\/div>\n\t\t\t\t<div class=\"elementor-element elementor-element-287c416 elementor-widget elementor-widget-text-editor\" data-id=\"287c416\" data-element_type=\"widget\" data-widget_type=\"text-editor.default\">\n\t\t\t\t<div class=\"elementor-widget-container\">\n\t\t\t\t\t\t\t\t<div class=\"elementor-text-editor elementor-clearfix\">\n\t\t\t\t\t<p>DDS, MDS, PhD<\/p>\t\t\t\t\t<\/div>\n\t\t\t\t\t\t<\/div>\n\t\t\t\t<\/div>\n\t\t\t\t<div class=\"elementor-element elementor-element-76a2067 elementor-widget elementor-widget-text-editor\" data-id=\"76a2067\" data-element_type=\"widget\" data-widget_type=\"text-editor.default\">\n\t\t\t\t<div class=\"elementor-widget-container\">\n\t\t\t\t\t\t\t\t<div class=\"elementor-text-editor elementor-clearfix\">\n\t\t\t\t\t<p>Professeur d&rsquo;orthodontie et directeur du Laboratoire de Recherche Cranio-Faciale de<br \/>l&rsquo;Universit\u00e9 Saint-Joseph de Beyrouth au Liban ; Professeur clinique adjoint d&rsquo;orthodontie \u00e0<br \/>la Goldman School of Dental Medicine de l&rsquo;Universit\u00e9 de Boston aux \u00c9tats-Unis ; Membre<br \/>de la Tweed Foundation for Orthodontic Research and Education, et de la Angle East Society<br \/>of Orthodontists ; ancien membre du comit\u00e9 ex\u00e9cutif de la F\u00e9d\u00e9ration Mondiale des<br \/>Orthodontistes.<\/p>\t\t\t\t\t<\/div>\n\t\t\t\t\t\t<\/div>\n\t\t\t\t<\/div>\n\t\t\t\t\t\t<\/div>\n\t\t\t\t\t<\/div>\n\t\t<\/div>\n\t\t\t\t\t\t\t\t<\/div>\n\t\t\t\t\t<\/div>\n\t\t<\/section>\n\t\t\t\t<section class=\"elementor-section elementor-top-section elementor-element elementor-element-744fae8 elementor-hidden-phone animated-slow elementor-section-boxed elementor-section-height-default elementor-section-height-default elementor-invisible\" data-id=\"744fae8\" data-element_type=\"section\" data-settings=\"{&quot;animation&quot;:&quot;fadeIn&quot;,&quot;animation_delay&quot;:400}\">\n\t\t\t\t\t\t<div class=\"elementor-container elementor-column-gap-default\">\n\t\t\t\t\t\t\t<div class=\"elementor-row\">\n\t\t\t\t\t<div class=\"elementor-column elementor-col-100 elementor-top-column elementor-element elementor-element-3b55368\" data-id=\"3b55368\" data-element_type=\"column\">\n\t\t\t<div class=\"elementor-column-wrap elementor-element-populated\">\n\t\t\t\t\t\t\t<div class=\"elementor-widget-wrap\">\n\t\t\t\t\t\t<div class=\"elementor-element elementor-element-0ff4c60 elementor-widget elementor-widget-spacer\" data-id=\"0ff4c60\" data-element_type=\"widget\" data-widget_type=\"spacer.default\">\n\t\t\t\t<div class=\"elementor-widget-container\">\n\t\t\t\t\t<div class=\"elementor-spacer\">\n\t\t\t<div class=\"elementor-spacer-inner\"><\/div>\n\t\t<\/div>\n\t\t\t\t<\/div>\n\t\t\t\t<\/div>\n\t\t\t\t\t\t<\/div>\n\t\t\t\t\t<\/div>\n\t\t<\/div>\n\t\t\t\t\t\t\t\t<\/div>\n\t\t\t\t\t<\/div>\n\t\t<\/section>\n\t\t\t\t<section class=\"elementor-section elementor-top-section elementor-element elementor-element-f016f60 animated-slow elementor-section-boxed elementor-section-height-default elementor-section-height-default elementor-invisible\" data-id=\"f016f60\" data-element_type=\"section\" data-settings=\"{&quot;animation&quot;:&quot;fadeIn&quot;,&quot;animation_delay&quot;:400}\">\n\t\t\t\t\t\t<div class=\"elementor-container elementor-column-gap-default\">\n\t\t\t\t\t\t\t<div class=\"elementor-row\">\n\t\t\t\t\t<div class=\"elementor-column elementor-col-100 elementor-top-column elementor-element elementor-element-7a6a235\" data-id=\"7a6a235\" data-element_type=\"column\">\n\t\t\t<div class=\"elementor-column-wrap elementor-element-populated\">\n\t\t\t\t\t\t\t<div class=\"elementor-widget-wrap\">\n\t\t\t\t\t\t<div class=\"elementor-element elementor-element-68e84a3 elementor-widget elementor-widget-text-editor\" data-id=\"68e84a3\" data-element_type=\"widget\" data-widget_type=\"text-editor.default\">\n\t\t\t\t<div class=\"elementor-widget-container\">\n\t\t\t\t\t\t\t\t<div class=\"elementor-text-editor elementor-clearfix\">\n\t\t\t\t\t<p>Il a \u00e9t\u00e9 pr\u00e9sident de la Soci\u00e9t\u00e9 Libanaise d&rsquo;Orthodontie et de la Soci\u00e9t\u00e9 Arabe d&rsquo;Orthodontie ; Chef du d\u00e9partement d&rsquo;orthodontie de l&rsquo;Universit\u00e9 Saint-Joseph de Beyrouth au Liban.<\/p>\n<p>Il est membre honoraire de la Soci\u00e9t\u00e9 Fran\u00e7aise d&rsquo;Orthop\u00e9die Dento-Faciale, de la Soci\u00e9t\u00e9 Chypriote d&rsquo;Orthodontie, de la Soci\u00e9t\u00e9 Egyptienne d&rsquo;Orthodontie et de l&rsquo;Association Roumaine pour l&rsquo;Excellence en Orthodontie.<\/p>\n<p>Il est membre du conseil consultatif de la revue Progress in Orthodontics et est r\u00e9f\u00e9rent&nbsp;de nombreuses autres revues scientifiques, notamment l&rsquo;American Journal of Orthodontics and Dentofacial Orthopedics, Angle Orthodontist et l&rsquo;European Journal of Orthodontics.<\/p>\n<p>Il a publi\u00e9 plus de 30 articles scientifiques, a supervis\u00e9 plus de 40 th\u00e8ses de doctorat et de ma\u00eetrise, et a donn\u00e9 des centaines de conf\u00e9rences et de cours dans diff\u00e9rents pays.<br>Le professeur Bouserhal tient des est titulaire de cabinets d&rsquo;orthodontie priv\u00e9s \u00e0 Beyrouth, au Liban, et \u00e0 Abu Dhabi, aux \u00c9mirats Arabes Unis.<\/p>\t\t\t\t\t<\/div>\n\t\t\t\t\t\t<\/div>\n\t\t\t\t<\/div>\n\t\t\t\t<div class=\"elementor-element elementor-element-1b4090b elementor-widget elementor-widget-spacer\" data-id=\"1b4090b\" data-element_type=\"widget\" data-widget_type=\"spacer.default\">\n\t\t\t\t<div class=\"elementor-widget-container\">\n\t\t\t\t\t<div class=\"elementor-spacer\">\n\t\t\t<div class=\"elementor-spacer-inner\"><\/div>\n\t\t<\/div>\n\t\t\t\t<\/div>\n\t\t\t\t<\/div>\n\t\t\t\t\t\t<\/div>\n\t\t\t\t\t<\/div>\n\t\t<\/div>\n\t\t\t\t\t\t\t\t<\/div>\n\t\t\t\t\t<\/div>\n\t\t<\/section>\n\t\t\t\t<section class=\"elementor-section elementor-top-section elementor-element elementor-element-a64e4e3 animated-slow elementor-section-boxed elementor-section-height-default elementor-section-height-default elementor-invisible\" data-id=\"a64e4e3\" data-element_type=\"section\" data-settings=\"{&quot;animation&quot;:&quot;fadeIn&quot;}\">\n\t\t\t\t\t\t<div class=\"elementor-container elementor-column-gap-default\">\n\t\t\t\t\t\t\t<div class=\"elementor-row\">\n\t\t\t\t\t<div class=\"elementor-column elementor-col-100 elementor-top-column elementor-element elementor-element-bb8da9c\" data-id=\"bb8da9c\" data-element_type=\"column\">\n\t\t\t<div class=\"elementor-column-wrap elementor-element-populated\">\n\t\t\t\t\t\t\t<div class=\"elementor-widget-wrap\">\n\t\t\t\t\t\t<div class=\"elementor-element elementor-element-a8236b2 elementor-widget elementor-widget-heading\" data-id=\"a8236b2\" data-element_type=\"widget\" data-widget_type=\"heading.default\">\n\t\t\t\t<div class=\"elementor-widget-container\">\n\t\t\t<h3 class=\"elementor-heading-title elementor-size-default\">Dipl\u00f4mes<\/h3>\t\t<\/div>\n\t\t\t\t<\/div>\n\t\t\t\t<div class=\"elementor-element elementor-element-19d4b40 elementor-widget elementor-widget-text-editor\" data-id=\"19d4b40\" data-element_type=\"widget\" data-widget_type=\"text-editor.default\">\n\t\t\t\t<div class=\"elementor-widget-container\">\n\t\t\t\t\t\t\t\t<div class=\"elementor-text-editor elementor-clearfix\">\n\t\t\t\t\t<ul>\n \t<li>Docteur en Chirurgie Dentaire de l&rsquo;Universit\u00e9 Saint-Joseph de Beyrouth, Liban.<\/li>\n \t<li>Ma\u00eetrise de Sp\u00e9cialiste en Orthodontie et Orthop\u00e9die Dento-Faciale de l&rsquo;Universit\u00e9 Catholique de Louvain, Belgique.<\/li>\n \t<li>Doctorat de l&rsquo;Universit\u00e9 de Li\u00e8ge, Belgique.<\/li>\n \t<li>Dipl\u00f4me de Formation Continue en Orthodontie de l&rsquo;Universit\u00e9 de Californie du Sud, \u00c9tats-Unis.<\/li>\n \t<li>Dipl\u00f4me de Sp\u00e9cialiste en Orthodontie Linguale de l&rsquo;Universit\u00e9 de Paris VII, France.<\/li>\n \t<li>Dipl\u00f4me de Sp\u00e9cialiste en Apn\u00e9e du Sommeil de l&rsquo;Universit\u00e9 de Paris VII, France.<\/li>\n \t<li>Dipl\u00f4me en Imagerie 3D de l&rsquo;Universit\u00e9 de Toulouse, France.<\/li>\n \t<li>Dipl\u00f4me de Recherche Clinique en Dentisterie de l&rsquo;Universit\u00e9 de Toulouse, France.<\/li>\n<\/ul>\t\t\t\t\t<\/div>\n\t\t\t\t\t\t<\/div>\n\t\t\t\t<\/div>\n\t\t\t\t<div class=\"elementor-element elementor-element-5ac4a82 elementor-widget elementor-widget-spacer\" data-id=\"5ac4a82\" data-element_type=\"widget\" data-widget_type=\"spacer.default\">\n\t\t\t\t<div class=\"elementor-widget-container\">\n\t\t\t\t\t<div class=\"elementor-spacer\">\n\t\t\t<div class=\"elementor-spacer-inner\"><\/div>\n\t\t<\/div>\n\t\t\t\t<\/div>\n\t\t\t\t<\/div>\n\t\t\t\t\t\t<\/div>\n\t\t\t\t\t<\/div>\n\t\t<\/div>\n\t\t\t\t\t\t\t\t<\/div>\n\t\t\t\t\t<\/div>\n\t\t<\/section>\n\t\t\t\t\t\t<\/div>\n\t\t\t\t\t\t<\/div>\n\t\t\t\t\t<\/div>\n\t\t","protected":false},"excerpt":{"rendered":"<p>Joseph Bouserhal DDS, MDS, PhD Professeur d&rsquo;orthodontie et directeur du Laboratoire de Recherche Cranio-Faciale del&rsquo;Universit\u00e9 Saint-Joseph de Beyrouth au Liban&#8230;<\/p>\n","protected":false},"author":1,"featured_media":0,"parent":0,"menu_order":0,"comment_status":"closed","ping_status":"closed","template":"elementor_header_footer","meta":[],"_links":{"self":[{"href":"https:\/\/acoinstitute.com\/fr\/wp-json\/wp\/v2\/pages\/1502"}],"collection":[{"href":"https:\/\/acoinstitute.com\/fr\/wp-json\/wp\/v2\/pages"}],"about":[{"href":"https:\/\/acoinstitute.com\/fr\/wp-json\/wp\/v2\/types\/page"}],"author":[{"embeddable":true,"href":"https:\/\/acoinstitute.com\/fr\/wp-json\/wp\/v2\/users\/1"}],"replies":[{"embeddable":true,"href":"https:\/\/acoinstitute.com\/fr\/wp-json\/wp\/v2\/comments?post=1502"}],"version-history":[{"count":36,"href":"https:\/\/acoinstitute.com\/fr\/wp-json\/wp\/v2\/pages\/1502\/revisions"}],"predecessor-version":[{"id":2033,"href":"https:\/\/acoinstitute.com\/fr\/wp-json\/wp\/v2\/pages\/1502\/revisions\/2033"}],"wp:attachment":[{"href":"https:\/\/acoinstitute.com\/fr\/wp-json\/wp\/v2\/media?parent=1502"}],"curies":[{"name":"wp","href":"https:\/\/api.w.org\/{rel}","templated":true}]}}