{"id":1557,"date":"2020-07-19T09:11:02","date_gmt":"2020-07-19T09:11:02","guid":{"rendered":"https:\/\/aco-institute.com\/?page_id=1557"},"modified":"2020-11-22T19:15:57","modified_gmt":"2020-11-22T19:15:57","slug":"guillaume-lecocq","status":"publish","type":"page","link":"https:\/\/acoinstitute.com\/fr\/guillaume-lecocq\/","title":{"rendered":"GUILLAUME LECOCQ"},"content":{"rendered":"\t\t<div data-elementor-type=\"wp-page\" data-elementor-id=\"1557\" class=\"elementor elementor-1557\" data-elementor-settings=\"[]\">\n\t\t\t\t\t\t<div class=\"elementor-inner\">\n\t\t\t\t\t\t\t<div class=\"elementor-section-wrap\">\n\t\t\t\t\t\t\t<section class=\"elementor-section elementor-top-section elementor-element elementor-element-057827b elementor-section-height-min-height animated-slow elementor-section-boxed elementor-section-height-default elementor-section-items-middle elementor-invisible\" data-id=\"057827b\" data-element_type=\"section\" data-settings=\"{&quot;background_background&quot;:&quot;classic&quot;,&quot;animation&quot;:&quot;fadeIn&quot;}\">\n\t\t\t\t\t\t<div class=\"elementor-container elementor-column-gap-default\">\n\t\t\t\t\t\t\t<div class=\"elementor-row\">\n\t\t\t\t\t<div class=\"elementor-column elementor-col-100 elementor-top-column elementor-element elementor-element-961a27e\" data-id=\"961a27e\" data-element_type=\"column\">\n\t\t\t<div class=\"elementor-column-wrap\">\n\t\t\t\t\t\t\t<div class=\"elementor-widget-wrap\">\n\t\t\t\t\t\t\t\t<\/div>\n\t\t\t\t\t<\/div>\n\t\t<\/div>\n\t\t\t\t\t\t\t\t<\/div>\n\t\t\t\t\t<\/div>\n\t\t<\/section>\n\t\t\t\t<section class=\"elementor-section elementor-top-section elementor-element elementor-element-17356b2 animated-slow elementor-section-boxed elementor-section-height-default elementor-section-height-default elementor-invisible\" data-id=\"17356b2\" data-element_type=\"section\" data-settings=\"{&quot;animation&quot;:&quot;fadeIn&quot;,&quot;animation_delay&quot;:200}\">\n\t\t\t\t\t\t<div class=\"elementor-container elementor-column-gap-default\">\n\t\t\t\t\t\t\t<div class=\"elementor-row\">\n\t\t\t\t\t<div class=\"elementor-column elementor-col-50 elementor-top-column elementor-element elementor-element-f712dfe\" data-id=\"f712dfe\" data-element_type=\"column\">\n\t\t\t<div class=\"elementor-column-wrap elementor-element-populated\">\n\t\t\t\t\t\t\t<div class=\"elementor-widget-wrap\">\n\t\t\t\t\t\t<div class=\"elementor-element elementor-element-a56c5c8 elementor-widget elementor-widget-image\" data-id=\"a56c5c8\" data-element_type=\"widget\" data-widget_type=\"image.default\">\n\t\t\t\t<div class=\"elementor-widget-container\">\n\t\t\t\t\t\t\t\t<div class=\"elementor-image\">\n\t\t\t\t\t\t\t\t\t\t\t\t<img width=\"615\" height=\"791\" src=\"https:\/\/acoinstitute.com\/fr\/wp-content\/uploads\/2020\/07\/Dr-Guillaume.jpg\" class=\"attachment-large size-large\" alt=\"\" loading=\"lazy\" srcset=\"https:\/\/acoinstitute.com\/fr\/wp-content\/uploads\/2020\/07\/Dr-Guillaume.jpg 615w, https:\/\/acoinstitute.com\/fr\/wp-content\/uploads\/2020\/07\/Dr-Guillaume-233x300.jpg 233w, https:\/\/acoinstitute.com\/fr\/wp-content\/uploads\/2020\/07\/Dr-Guillaume-442x569.jpg 442w, https:\/\/acoinstitute.com\/fr\/wp-content\/uploads\/2020\/07\/Dr-Guillaume-210x270.jpg 210w\" sizes=\"(max-width: 615px) 100vw, 615px\" \/>\t\t\t\t\t\t\t\t\t\t\t\t\t\t<\/div>\n\t\t\t\t\t\t<\/div>\n\t\t\t\t<\/div>\n\t\t\t\t\t\t<\/div>\n\t\t\t\t\t<\/div>\n\t\t<\/div>\n\t\t\t\t<div class=\"elementor-column elementor-col-50 elementor-top-column elementor-element elementor-element-20f4a2e\" data-id=\"20f4a2e\" data-element_type=\"column\">\n\t\t\t<div class=\"elementor-column-wrap elementor-element-populated\">\n\t\t\t\t\t\t\t<div class=\"elementor-widget-wrap\">\n\t\t\t\t\t\t<div class=\"elementor-element elementor-element-f98d12f elementor-hidden-tablet elementor-hidden-phone elementor-widget elementor-widget-spacer\" data-id=\"f98d12f\" data-element_type=\"widget\" data-widget_type=\"spacer.default\">\n\t\t\t\t<div class=\"elementor-widget-container\">\n\t\t\t\t\t<div class=\"elementor-spacer\">\n\t\t\t<div class=\"elementor-spacer-inner\"><\/div>\n\t\t<\/div>\n\t\t\t\t<\/div>\n\t\t\t\t<\/div>\n\t\t\t\t<div class=\"elementor-element elementor-element-2e603fe elementor-widget elementor-widget-heading\" data-id=\"2e603fe\" data-element_type=\"widget\" data-widget_type=\"heading.default\">\n\t\t\t\t<div class=\"elementor-widget-container\">\n\t\t\t<h3 class=\"elementor-heading-title elementor-size-default\">GUILLAUME LECOCQ<\/h3>\t\t<\/div>\n\t\t\t\t<\/div>\n\t\t\t\t<div class=\"elementor-element elementor-element-a9c6f6f elementor-widget elementor-widget-text-editor\" data-id=\"a9c6f6f\" data-element_type=\"widget\" data-widget_type=\"text-editor.default\">\n\t\t\t\t<div class=\"elementor-widget-container\">\n\t\t\t\t\t\t\t\t<div class=\"elementor-text-editor elementor-clearfix\">\n\t\t\t\t\t<p>DDS, MDS, MBA<\/p>\t\t\t\t\t<\/div>\n\t\t\t\t\t\t<\/div>\n\t\t\t\t<\/div>\n\t\t\t\t<div class=\"elementor-element elementor-element-44bcbd8 elementor-widget elementor-widget-text-editor\" data-id=\"44bcbd8\" data-element_type=\"widget\" data-widget_type=\"text-editor.default\">\n\t\t\t\t<div class=\"elementor-widget-container\">\n\t\t\t\t\t\t\t\t<div class=\"elementor-text-editor elementor-clearfix\">\n\t\t\t\t\t<p>Orthodontiste avec une pratique priv\u00e9e \u00e0 Valenciennes, France ; Directeur scientifique du<br \/>Dipl\u00f4me d&rsquo;Universit\u00e9 d&rsquo;Orthodontie Linguale et Esth\u00e9tique (DUOLE) \u00e0<br \/>l&rsquo;Universit\u00e9 Paris 5, France ; Pr\u00e9sident de la Soci\u00e9t\u00e9 Europ\u00e9enne d&rsquo;Orthodontie Linguale (ESLO) ; Membre du conseil d&rsquo;administration du Coll\u00e8ge Europ\u00e9en d&rsquo;Orthodontie (CEO) ;<br \/>Membre du conseil d&rsquo;administration de l&rsquo;Association Fran\u00e7aise d&rsquo;Orthodontie Num\u00e9rique (AFOND) ;\u00a0 Dipl\u00f4m\u00e9 de l&rsquo;EDHEC Business School.<\/p>\t\t\t\t\t<\/div>\n\t\t\t\t\t\t<\/div>\n\t\t\t\t<\/div>\n\t\t\t\t\t\t<\/div>\n\t\t\t\t\t<\/div>\n\t\t<\/div>\n\t\t\t\t\t\t\t\t<\/div>\n\t\t\t\t\t<\/div>\n\t\t<\/section>\n\t\t\t\t<section class=\"elementor-section elementor-top-section elementor-element elementor-element-cff7d04 elementor-hidden-phone elementor-section-boxed elementor-section-height-default elementor-section-height-default\" data-id=\"cff7d04\" data-element_type=\"section\">\n\t\t\t\t\t\t<div class=\"elementor-container elementor-column-gap-default\">\n\t\t\t\t\t\t\t<div class=\"elementor-row\">\n\t\t\t\t\t<div class=\"elementor-column elementor-col-100 elementor-top-column elementor-element elementor-element-4caf4a5\" data-id=\"4caf4a5\" data-element_type=\"column\">\n\t\t\t<div class=\"elementor-column-wrap elementor-element-populated\">\n\t\t\t\t\t\t\t<div class=\"elementor-widget-wrap\">\n\t\t\t\t\t\t<div class=\"elementor-element elementor-element-2ab82b5 elementor-widget elementor-widget-spacer\" data-id=\"2ab82b5\" data-element_type=\"widget\" data-widget_type=\"spacer.default\">\n\t\t\t\t<div class=\"elementor-widget-container\">\n\t\t\t\t\t<div class=\"elementor-spacer\">\n\t\t\t<div class=\"elementor-spacer-inner\"><\/div>\n\t\t<\/div>\n\t\t\t\t<\/div>\n\t\t\t\t<\/div>\n\t\t\t\t\t\t<\/div>\n\t\t\t\t\t<\/div>\n\t\t<\/div>\n\t\t\t\t\t\t\t\t<\/div>\n\t\t\t\t\t<\/div>\n\t\t<\/section>\n\t\t\t\t<section class=\"elementor-section elementor-top-section elementor-element elementor-element-09a7bd5 animated-slow elementor-section-boxed elementor-section-height-default elementor-section-height-default elementor-invisible\" data-id=\"09a7bd5\" data-element_type=\"section\" data-settings=\"{&quot;animation&quot;:&quot;fadeIn&quot;,&quot;animation_delay&quot;:400}\">\n\t\t\t\t\t\t<div class=\"elementor-container elementor-column-gap-default\">\n\t\t\t\t\t\t\t<div class=\"elementor-row\">\n\t\t\t\t\t<div class=\"elementor-column elementor-col-100 elementor-top-column elementor-element elementor-element-3607856\" data-id=\"3607856\" data-element_type=\"column\">\n\t\t\t<div class=\"elementor-column-wrap elementor-element-populated\">\n\t\t\t\t\t\t\t<div class=\"elementor-widget-wrap\">\n\t\t\t\t\t\t<div class=\"elementor-element elementor-element-cfc291e elementor-widget elementor-widget-text-editor\" data-id=\"cfc291e\" data-element_type=\"widget\" data-widget_type=\"text-editor.default\">\n\t\t\t\t<div class=\"elementor-widget-container\">\n\t\t\t\t\t\t\t\t<div class=\"elementor-text-editor elementor-clearfix\">\n\t\t\t\t\t<p>Apr\u00e8s avoir \u00e9t\u00e9 r\u00e9compens\u00e9 par l&rsquo;Acad\u00e9mie Dentaire Fran\u00e7aise pour sa th\u00e8se sur la croissance condylienne et l\u2019hypercondylie , il a \u00e9t\u00e9\u00a0 attach\u00e9 hospitalo-universitaire \u00e0 l&rsquo;Universit\u00e9 de Lille pendant 2 ans. Il a ensuite enseign\u00e9 \u00e0 l&rsquo;Universit\u00e9 Paris 5 et est maintenant le directeur scientifique du Dipl\u00f4me d&rsquo;Etudes Sup\u00e9rieures d&rsquo;Orthodontie et d&rsquo;Esth\u00e9tique Linguale (DUOLE) de l&rsquo;Universit\u00e9 Paris 5 depuis 2013.<\/p><p>Il a \u00e9t\u00e9 membre du conseil d&rsquo;administration de la Soci\u00e9t\u00e9 Fran\u00e7aise d&rsquo;Orthodontie Linguale pendant plus de 10 ans avant d&rsquo;\u00eatre le pr\u00e9sident de la Soci\u00e9t\u00e9 Europ\u00e9enne d&rsquo;Orthodontie Linguale depuis 2016.<\/p><p>En outre, il est r\u00e9dacteur en chef adjoint membre du comit\u00e9 de r\u00e9daction de l&rsquo;International Orthodontics Journal et membre du comit\u00e9 de r\u00e9daction du Journal of Aligner Orthodontics.<br \/>Il a donc d\u00e9velopp\u00e9 une expertise en orthodontie linguale et en traitement par aligneurs \u00a0et est titulaire du Certificat d&rsquo;Excellence en Orthodontie : le Board Fran\u00e7ais d&rsquo;Orthodontie (BFO).<br \/>Il a donn\u00e9 de nombreuses conf\u00e9rences dans le monde entier : France, Allemagne, Gr\u00e8ce, Italie, Espagne, Portugal, Hongrie, Maroc, \u00c9gypte, Tunisie, Br\u00e9sil, Argentine, Inde, Cor\u00e9e du Sud, Chine, Vietnam, etc. Il est \u00e9galement l&rsquo;auteur d&rsquo;une douzaine d&rsquo;articles sur la biom\u00e9canique, l\u2019orthodontie linguale , les aligneurs et les nouvelles technologies.<br \/>Il a r\u00e9cemment obtenu un Executive MBA l&rsquo;EDHEC Business School et il est attentif \u00e0 la gestion et au d\u00e9veloppement des \u00e9quipes en d&rsquo;orthodontie afin d&rsquo;am\u00e9liorer l&rsquo;efficacit\u00e9 clinique et la rentabilit\u00e9 de l\u2019activit\u00e9.<\/p>\t\t\t\t\t<\/div>\n\t\t\t\t\t\t<\/div>\n\t\t\t\t<\/div>\n\t\t\t\t<div class=\"elementor-element elementor-element-88fc34e elementor-widget elementor-widget-spacer\" data-id=\"88fc34e\" data-element_type=\"widget\" data-widget_type=\"spacer.default\">\n\t\t\t\t<div class=\"elementor-widget-container\">\n\t\t\t\t\t<div class=\"elementor-spacer\">\n\t\t\t<div class=\"elementor-spacer-inner\"><\/div>\n\t\t<\/div>\n\t\t\t\t<\/div>\n\t\t\t\t<\/div>\n\t\t\t\t\t\t<\/div>\n\t\t\t\t\t<\/div>\n\t\t<\/div>\n\t\t\t\t\t\t\t\t<\/div>\n\t\t\t\t\t<\/div>\n\t\t<\/section>\n\t\t\t\t<section class=\"elementor-section elementor-top-section elementor-element elementor-element-31a56a9 elementor-section-boxed elementor-section-height-default elementor-section-height-default elementor-invisible\" data-id=\"31a56a9\" data-element_type=\"section\" data-settings=\"{&quot;animation&quot;:&quot;fadeIn&quot;}\">\n\t\t\t\t\t\t<div class=\"elementor-container elementor-column-gap-default\">\n\t\t\t\t\t\t\t<div class=\"elementor-row\">\n\t\t\t\t\t<div class=\"elementor-column elementor-col-100 elementor-top-column elementor-element elementor-element-6f20ed5\" data-id=\"6f20ed5\" data-element_type=\"column\">\n\t\t\t<div class=\"elementor-column-wrap elementor-element-populated\">\n\t\t\t\t\t\t\t<div class=\"elementor-widget-wrap\">\n\t\t\t\t\t\t<div class=\"elementor-element elementor-element-867915b elementor-widget elementor-widget-heading\" data-id=\"867915b\" data-element_type=\"widget\" data-widget_type=\"heading.default\">\n\t\t\t\t<div class=\"elementor-widget-container\">\n\t\t\t<h3 class=\"elementor-heading-title elementor-size-default\">DIPL\u00d4MES<\/h3>\t\t<\/div>\n\t\t\t\t<\/div>\n\t\t\t\t<div class=\"elementor-element elementor-element-1bf129e elementor-widget elementor-widget-text-editor\" data-id=\"1bf129e\" data-element_type=\"widget\" data-widget_type=\"text-editor.default\">\n\t\t\t\t<div class=\"elementor-widget-container\">\n\t\t\t\t\t\t\t\t<div class=\"elementor-text-editor elementor-clearfix\">\n\t\t\t\t\t<ul>\n<li>Sp\u00e9cialiste Qualifi\u00e9 en Orthodontie et Orthop\u00e9die Dento-Faciale, Universit\u00e9 de Lille, France.<\/li>\n<li>Certificat d&rsquo;Etudes Sup\u00e9rieures en Orthop\u00e9die Dento-Faciale, Universit\u00e9 de Lille, France<\/li>\n<li>Dipl\u00f4me d&rsquo;Universit\u00e9 en Orthodontie pour Adultes, Universit\u00e9 de Rennes, France.<\/li>\n<li>Ma\u00eetrise en Sciences Biologiques et M\u00e9dicale, Universit\u00e9 de Lille, France.<\/li>\n<li>Executive MBA de l&rsquo;EDHEC Business School, Lille-Paris, France.<\/li>\n<\/ul>\t\t\t\t\t<\/div>\n\t\t\t\t\t\t<\/div>\n\t\t\t\t<\/div>\n\t\t\t\t<div class=\"elementor-element elementor-element-d7876a9 elementor-widget elementor-widget-spacer\" data-id=\"d7876a9\" data-element_type=\"widget\" data-widget_type=\"spacer.default\">\n\t\t\t\t<div class=\"elementor-widget-container\">\n\t\t\t\t\t<div class=\"elementor-spacer\">\n\t\t\t<div class=\"elementor-spacer-inner\"><\/div>\n\t\t<\/div>\n\t\t\t\t<\/div>\n\t\t\t\t<\/div>\n\t\t\t\t\t\t<\/div>\n\t\t\t\t\t<\/div>\n\t\t<\/div>\n\t\t\t\t\t\t\t\t<\/div>\n\t\t\t\t\t<\/div>\n\t\t<\/section>\n\t\t\t\t\t\t<\/div>\n\t\t\t\t\t\t<\/div>\n\t\t\t\t\t<\/div>\n\t\t","protected":false},"excerpt":{"rendered":"<p>GUILLAUME LECOCQ DDS, MDS, MBA Orthodontiste avec une pratique priv\u00e9e \u00e0 Valenciennes, France ; Directeur scientifique duDipl\u00f4me d&rsquo;Universit\u00e9 d&rsquo;Orthodontie Linguale&#8230;<\/p>\n","protected":false},"author":1,"featured_media":0,"parent":0,"menu_order":0,"comment_status":"closed","ping_status":"closed","template":"elementor_header_footer","meta":[],"_links":{"self":[{"href":"https:\/\/acoinstitute.com\/fr\/wp-json\/wp\/v2\/pages\/1557"}],"collection":[{"href":"https:\/\/acoinstitute.com\/fr\/wp-json\/wp\/v2\/pages"}],"about":[{"href":"https:\/\/acoinstitute.com\/fr\/wp-json\/wp\/v2\/types\/page"}],"author":[{"embeddable":true,"href":"https:\/\/acoinstitute.com\/fr\/wp-json\/wp\/v2\/users\/1"}],"replies":[{"embeddable":true,"href":"https:\/\/acoinstitute.com\/fr\/wp-json\/wp\/v2\/comments?post=1557"}],"version-history":[{"count":14,"href":"https:\/\/acoinstitute.com\/fr\/wp-json\/wp\/v2\/pages\/1557\/revisions"}],"predecessor-version":[{"id":1971,"href":"https:\/\/acoinstitute.com\/fr\/wp-json\/wp\/v2\/pages\/1557\/revisions\/1971"}],"wp:attachment":[{"href":"https:\/\/acoinstitute.com\/fr\/wp-json\/wp\/v2\/media?parent=1557"}],"curies":[{"name":"wp","href":"https:\/\/api.w.org\/{rel}","templated":true}]}}