{"id":1566,"date":"2020-07-19T09:18:49","date_gmt":"2020-07-19T09:18:49","guid":{"rendered":"https:\/\/aco-institute.com\/?page_id=1566"},"modified":"2021-12-22T09:26:29","modified_gmt":"2021-12-22T09:26:29","slug":"zakaria-bentahar","status":"publish","type":"page","link":"https:\/\/acoinstitute.com\/fr\/zakaria-bentahar\/","title":{"rendered":"ZAKARIA BENTAHAR"},"content":{"rendered":"\t\t<div data-elementor-type=\"wp-page\" data-elementor-id=\"1566\" class=\"elementor elementor-1566\" data-elementor-settings=\"[]\">\n\t\t\t\t\t\t<div class=\"elementor-inner\">\n\t\t\t\t\t\t\t<div class=\"elementor-section-wrap\">\n\t\t\t\t\t\t\t<section class=\"elementor-section elementor-top-section elementor-element elementor-element-fb01c8e elementor-section-height-min-height animated-slow elementor-section-boxed elementor-section-height-default elementor-section-items-middle elementor-invisible\" data-id=\"fb01c8e\" data-element_type=\"section\" data-settings=\"{&quot;background_background&quot;:&quot;classic&quot;,&quot;animation&quot;:&quot;fadeIn&quot;}\">\n\t\t\t\t\t\t<div class=\"elementor-container elementor-column-gap-default\">\n\t\t\t\t\t\t\t<div class=\"elementor-row\">\n\t\t\t\t\t<div class=\"elementor-column elementor-col-100 elementor-top-column elementor-element elementor-element-c7bc94d\" data-id=\"c7bc94d\" data-element_type=\"column\">\n\t\t\t<div class=\"elementor-column-wrap\">\n\t\t\t\t\t\t\t<div class=\"elementor-widget-wrap\">\n\t\t\t\t\t\t\t\t<\/div>\n\t\t\t\t\t<\/div>\n\t\t<\/div>\n\t\t\t\t\t\t\t\t<\/div>\n\t\t\t\t\t<\/div>\n\t\t<\/section>\n\t\t\t\t<section class=\"elementor-section elementor-top-section elementor-element elementor-element-2deb369 animated-slow elementor-section-boxed elementor-section-height-default elementor-section-height-default elementor-invisible\" data-id=\"2deb369\" data-element_type=\"section\" data-settings=\"{&quot;animation&quot;:&quot;fadeIn&quot;,&quot;animation_delay&quot;:400}\">\n\t\t\t\t\t\t<div class=\"elementor-container elementor-column-gap-default\">\n\t\t\t\t\t\t\t<div class=\"elementor-row\">\n\t\t\t\t\t<div class=\"elementor-column elementor-col-50 elementor-top-column elementor-element elementor-element-3924a56\" data-id=\"3924a56\" data-element_type=\"column\">\n\t\t\t<div class=\"elementor-column-wrap elementor-element-populated\">\n\t\t\t\t\t\t\t<div class=\"elementor-widget-wrap\">\n\t\t\t\t\t\t<div class=\"elementor-element elementor-element-419c2ca elementor-widget elementor-widget-image\" data-id=\"419c2ca\" data-element_type=\"widget\" data-widget_type=\"image.default\">\n\t\t\t\t<div class=\"elementor-widget-container\">\n\t\t\t\t\t\t\t\t<div class=\"elementor-image\">\n\t\t\t\t\t\t\t\t\t\t\t\t<img width=\"768\" height=\"1024\" src=\"https:\/\/acoinstitute.com\/fr\/wp-content\/uploads\/2021\/03\/001-B-bn-1-768x1024.jpg\" class=\"attachment-large size-large\" alt=\"\" loading=\"lazy\" srcset=\"https:\/\/acoinstitute.com\/fr\/wp-content\/uploads\/2021\/03\/001-B-bn-1-768x1024.jpg 768w, https:\/\/acoinstitute.com\/fr\/wp-content\/uploads\/2021\/03\/001-B-bn-1-225x300.jpg 225w, https:\/\/acoinstitute.com\/fr\/wp-content\/uploads\/2021\/03\/001-B-bn-1-1152x1536.jpg 1152w, https:\/\/acoinstitute.com\/fr\/wp-content\/uploads\/2021\/03\/001-B-bn-1-427x569.jpg 427w, https:\/\/acoinstitute.com\/fr\/wp-content\/uploads\/2021\/03\/001-B-bn-1-203x270.jpg 203w, https:\/\/acoinstitute.com\/fr\/wp-content\/uploads\/2021\/03\/001-B-bn-1.jpg 1500w\" sizes=\"(max-width: 768px) 100vw, 768px\" \/>\t\t\t\t\t\t\t\t\t\t\t\t\t\t<\/div>\n\t\t\t\t\t\t<\/div>\n\t\t\t\t<\/div>\n\t\t\t\t\t\t<\/div>\n\t\t\t\t\t<\/div>\n\t\t<\/div>\n\t\t\t\t<div class=\"elementor-column elementor-col-50 elementor-top-column elementor-element elementor-element-177cfad\" data-id=\"177cfad\" data-element_type=\"column\">\n\t\t\t<div class=\"elementor-column-wrap elementor-element-populated\">\n\t\t\t\t\t\t\t<div class=\"elementor-widget-wrap\">\n\t\t\t\t\t\t<div class=\"elementor-element elementor-element-5e37981 elementor-hidden-tablet elementor-hidden-phone elementor-widget elementor-widget-spacer\" data-id=\"5e37981\" data-element_type=\"widget\" data-widget_type=\"spacer.default\">\n\t\t\t\t<div class=\"elementor-widget-container\">\n\t\t\t\t\t<div class=\"elementor-spacer\">\n\t\t\t<div class=\"elementor-spacer-inner\"><\/div>\n\t\t<\/div>\n\t\t\t\t<\/div>\n\t\t\t\t<\/div>\n\t\t\t\t<div class=\"elementor-element elementor-element-547c803 elementor-widget elementor-widget-heading\" data-id=\"547c803\" data-element_type=\"widget\" data-widget_type=\"heading.default\">\n\t\t\t\t<div class=\"elementor-widget-container\">\n\t\t\t<h3 class=\"elementor-heading-title elementor-size-default\">ZAKARIA BENTAHAR<\/h3>\t\t<\/div>\n\t\t\t\t<\/div>\n\t\t\t\t<div class=\"elementor-element elementor-element-45fb289 elementor-widget elementor-widget-text-editor\" data-id=\"45fb289\" data-element_type=\"widget\" data-widget_type=\"text-editor.default\">\n\t\t\t\t<div class=\"elementor-widget-container\">\n\t\t\t\t\t\t\t\t<div class=\"elementor-text-editor elementor-clearfix\">\n\t\t\t\t\t<p>DMD, MDS, MSc, PhD<\/p>\t\t\t\t\t<\/div>\n\t\t\t\t\t\t<\/div>\n\t\t\t\t<\/div>\n\t\t\t\t<div class=\"elementor-element elementor-element-b6a82b4 elementor-widget elementor-widget-text-editor\" data-id=\"b6a82b4\" data-element_type=\"widget\" data-widget_type=\"text-editor.default\">\n\t\t\t\t<div class=\"elementor-widget-container\">\n\t\t\t\t\t\t\t\t<div class=\"elementor-text-editor elementor-clearfix\">\n\t\t\t\t\t<p>Professeur d&rsquo;Orthop\u00e9die Dento-Faciale, Facult\u00e9 de M\u00e9decine Dentaire, Universit\u00e9 Hassan<br \/>II, Casablanca, Maroc ; Membre de la F\u00e9d\u00e9ration Mondiale des Orthodontistes (WFO) ;ancien\u00a0<br \/>Ambassadeur de l&rsquo;Association Am\u00e9ricaine des Orthodontistes (AAO).<\/p>\t\t\t\t\t<\/div>\n\t\t\t\t\t\t<\/div>\n\t\t\t\t<\/div>\n\t\t\t\t\t\t<\/div>\n\t\t\t\t\t<\/div>\n\t\t<\/div>\n\t\t\t\t\t\t\t\t<\/div>\n\t\t\t\t\t<\/div>\n\t\t<\/section>\n\t\t\t\t<section class=\"elementor-section elementor-top-section elementor-element elementor-element-0af1a45 elementor-hidden-phone elementor-section-boxed elementor-section-height-default elementor-section-height-default\" data-id=\"0af1a45\" data-element_type=\"section\">\n\t\t\t\t\t\t<div class=\"elementor-container elementor-column-gap-default\">\n\t\t\t\t\t\t\t<div class=\"elementor-row\">\n\t\t\t\t\t<div class=\"elementor-column elementor-col-100 elementor-top-column elementor-element elementor-element-5a640f8\" data-id=\"5a640f8\" data-element_type=\"column\">\n\t\t\t<div class=\"elementor-column-wrap elementor-element-populated\">\n\t\t\t\t\t\t\t<div class=\"elementor-widget-wrap\">\n\t\t\t\t\t\t<div class=\"elementor-element elementor-element-b63fd9c elementor-widget elementor-widget-spacer\" data-id=\"b63fd9c\" data-element_type=\"widget\" data-widget_type=\"spacer.default\">\n\t\t\t\t<div class=\"elementor-widget-container\">\n\t\t\t\t\t<div class=\"elementor-spacer\">\n\t\t\t<div class=\"elementor-spacer-inner\"><\/div>\n\t\t<\/div>\n\t\t\t\t<\/div>\n\t\t\t\t<\/div>\n\t\t\t\t\t\t<\/div>\n\t\t\t\t\t<\/div>\n\t\t<\/div>\n\t\t\t\t\t\t\t\t<\/div>\n\t\t\t\t\t<\/div>\n\t\t<\/section>\n\t\t\t\t<section class=\"elementor-section elementor-top-section elementor-element elementor-element-c5adb56 animated-slow elementor-section-boxed elementor-section-height-default elementor-section-height-default elementor-invisible\" data-id=\"c5adb56\" data-element_type=\"section\" data-settings=\"{&quot;animation&quot;:&quot;fadeIn&quot;,&quot;animation_delay&quot;:800}\">\n\t\t\t\t\t\t<div class=\"elementor-container elementor-column-gap-default\">\n\t\t\t\t\t\t\t<div class=\"elementor-row\">\n\t\t\t\t\t<div class=\"elementor-column elementor-col-100 elementor-top-column elementor-element elementor-element-ff9e6ff\" data-id=\"ff9e6ff\" data-element_type=\"column\">\n\t\t\t<div class=\"elementor-column-wrap elementor-element-populated\">\n\t\t\t\t\t\t\t<div class=\"elementor-widget-wrap\">\n\t\t\t\t\t\t<div class=\"elementor-element elementor-element-4bfee8e elementor-widget elementor-widget-text-editor\" data-id=\"4bfee8e\" data-element_type=\"widget\" data-widget_type=\"text-editor.default\">\n\t\t\t\t<div class=\"elementor-widget-container\">\n\t\t\t\t\t\t\t\t<div class=\"elementor-text-editor elementor-clearfix\">\n\t\t\t\t\tApr\u00e8s avoir termin\u00e9 ses \u00e9tudes de dentisterie en 1994 et son stage en 1996, il a obtenu en\n2000 son dipl\u00f4me national de sp\u00e9cialit\u00e9 en orthodontie, option orthodontie, \u00e0 l&rsquo;Universit\u00e9\nHassan II. Au cours de sa formation universitaire, il a obtenu ses certificats de Biomat\u00e9riaux\net d&rsquo;Orthop\u00e9die Dento-Faciale \u00e0 l&rsquo;Universit\u00e9 Denis Diderot, \u00e0 Paris, respectivement en 1996\net 1997. Par la suite, il a obtenu son Master en Biomat\u00e9riaux en 2001 et son Doctorat en\n2010.\n\nIl a \u00e9t\u00e9 Chef du d\u00e9partement d&rsquo;Orthop\u00e9die Dento-Faciale de l&rsquo;Universit\u00e9 Hassan II,\nCasablanca, Maroc (2007-2013) ; Pr\u00e9sident de l&rsquo;Association des Dentistes Internes et\nR\u00e9sidents du Centre Hospitalier Universitaire Ibn Rochd, Casablanca (1999) ; Pr\u00e9sident du\nColl\u00e8ge des Orthodontistes Laur\u00e9ats de la Facult\u00e9 de M\u00e9decine Dentaire de Casablanca\n(2014-2017).\nIl a donn\u00e9 des cours et des conf\u00e9rences dans diverses manifestations scientifiques\ninternationales en Afrique (Egypte, Maroc, Tunisie, Zimbabwe&#8230;.), en Europe (France,\nEspagne, Roumanie, Pologne&#8230;.), au Moyen-Orient (Emirats Arabes Unis, Arabie Saoudite,\nJordanie, Liban&#8230;. ) et en Am\u00e9rique (Etats-Unis, Mexique).\t\t\t\t\t<\/div>\n\t\t\t\t\t\t<\/div>\n\t\t\t\t<\/div>\n\t\t\t\t<div class=\"elementor-element elementor-element-b03a9a0 elementor-widget elementor-widget-spacer\" data-id=\"b03a9a0\" data-element_type=\"widget\" data-widget_type=\"spacer.default\">\n\t\t\t\t<div class=\"elementor-widget-container\">\n\t\t\t\t\t<div class=\"elementor-spacer\">\n\t\t\t<div class=\"elementor-spacer-inner\"><\/div>\n\t\t<\/div>\n\t\t\t\t<\/div>\n\t\t\t\t<\/div>\n\t\t\t\t\t\t<\/div>\n\t\t\t\t\t<\/div>\n\t\t<\/div>\n\t\t\t\t\t\t\t\t<\/div>\n\t\t\t\t\t<\/div>\n\t\t<\/section>\n\t\t\t\t<section class=\"elementor-section elementor-top-section elementor-element elementor-element-0e63e56 animated-slow elementor-section-boxed elementor-section-height-default elementor-section-height-default elementor-invisible\" data-id=\"0e63e56\" data-element_type=\"section\" data-settings=\"{&quot;animation&quot;:&quot;fadeIn&quot;}\">\n\t\t\t\t\t\t<div class=\"elementor-container elementor-column-gap-default\">\n\t\t\t\t\t\t\t<div class=\"elementor-row\">\n\t\t\t\t\t<div class=\"elementor-column elementor-col-100 elementor-top-column elementor-element elementor-element-aff6cd5\" data-id=\"aff6cd5\" data-element_type=\"column\">\n\t\t\t<div class=\"elementor-column-wrap elementor-element-populated\">\n\t\t\t\t\t\t\t<div class=\"elementor-widget-wrap\">\n\t\t\t\t\t\t<div class=\"elementor-element elementor-element-f1097ca elementor-widget elementor-widget-heading\" data-id=\"f1097ca\" data-element_type=\"widget\" data-widget_type=\"heading.default\">\n\t\t\t\t<div class=\"elementor-widget-container\">\n\t\t\t<h3 class=\"elementor-heading-title elementor-size-default\">Dipl\u00f4mes<\/h3>\t\t<\/div>\n\t\t\t\t<\/div>\n\t\t\t\t<div class=\"elementor-element elementor-element-64854c7 elementor-widget elementor-widget-text-editor\" data-id=\"64854c7\" data-element_type=\"widget\" data-widget_type=\"text-editor.default\">\n\t\t\t\t<div class=\"elementor-widget-container\">\n\t\t\t\t\t\t\t\t<div class=\"elementor-text-editor elementor-clearfix\">\n\t\t\t\t\t<ul><li>Docteur en M\u00e9decine Dentaire, Facult\u00e9 de M\u00e9decine Dentaire, Universit\u00e9 Hassan II, Casablanca, Maroc.<\/li><li>Certificat d&rsquo;Etudes Sup\u00e9rieures, option Biomat\u00e9riaux, Universit\u00e9 Denis Diderot, Paris, France.<\/li><li>Certificat d&rsquo;Etudes Sup\u00e9rieures, option Orthop\u00e9die Dento-Faciale, Universit\u00e9 Denis Diderot, Paris, France.<\/li><li>Dipl\u00f4me National de Sp\u00e9cialit\u00e9, option Orthop\u00e9die Dento-Faciale, Facult\u00e9 de M\u00e9decine Dentaire, Universit\u00e9 Hassan II, Casablanca, Maroc.<\/li><li>Dipl\u00f4me d&rsquo;Universit\u00e9, option Orthodontie Linguale, Facult\u00e9 de Chirurgie Dentaire, Universit\u00e9 Paris Descartes, France.<\/li><li>Doctorat d\u2019Universit\u00e9, Facult\u00e9 des Sciences, Universit\u00e9 Hassan II, Casablanca, Maroc.<\/li><li>Dipl\u00f4me d&rsquo;Universit\u00e9, option P\u00e9dagogie M\u00e9dicale, Facult\u00e9 de M\u00e9decine Dentaire, Universit\u00e9 Hassan II, Casablanca, Maroc.\u00a0<\/li><\/ul>\t\t\t\t\t<\/div>\n\t\t\t\t\t\t<\/div>\n\t\t\t\t<\/div>\n\t\t\t\t<div class=\"elementor-element elementor-element-500f878 elementor-widget elementor-widget-spacer\" data-id=\"500f878\" data-element_type=\"widget\" data-widget_type=\"spacer.default\">\n\t\t\t\t<div class=\"elementor-widget-container\">\n\t\t\t\t\t<div class=\"elementor-spacer\">\n\t\t\t<div class=\"elementor-spacer-inner\"><\/div>\n\t\t<\/div>\n\t\t\t\t<\/div>\n\t\t\t\t<\/div>\n\t\t\t\t\t\t<\/div>\n\t\t\t\t\t<\/div>\n\t\t<\/div>\n\t\t\t\t\t\t\t\t<\/div>\n\t\t\t\t\t<\/div>\n\t\t<\/section>\n\t\t\t\t\t\t<\/div>\n\t\t\t\t\t\t<\/div>\n\t\t\t\t\t<\/div>\n\t\t","protected":false},"excerpt":{"rendered":"<p>ZAKARIA BENTAHAR DMD, MDS, MSc, PhD Professeur d&rsquo;Orthop\u00e9die Dento-Faciale, Facult\u00e9 de M\u00e9decine Dentaire, Universit\u00e9 HassanII, Casablanca, Maroc ; Membre de&#8230;<\/p>\n","protected":false},"author":1,"featured_media":0,"parent":0,"menu_order":0,"comment_status":"closed","ping_status":"closed","template":"elementor_header_footer","meta":[],"_links":{"self":[{"href":"https:\/\/acoinstitute.com\/fr\/wp-json\/wp\/v2\/pages\/1566"}],"collection":[{"href":"https:\/\/acoinstitute.com\/fr\/wp-json\/wp\/v2\/pages"}],"about":[{"href":"https:\/\/acoinstitute.com\/fr\/wp-json\/wp\/v2\/types\/page"}],"author":[{"embeddable":true,"href":"https:\/\/acoinstitute.com\/fr\/wp-json\/wp\/v2\/users\/1"}],"replies":[{"embeddable":true,"href":"https:\/\/acoinstitute.com\/fr\/wp-json\/wp\/v2\/comments?post=1566"}],"version-history":[{"count":27,"href":"https:\/\/acoinstitute.com\/fr\/wp-json\/wp\/v2\/pages\/1566\/revisions"}],"predecessor-version":[{"id":2064,"href":"https:\/\/acoinstitute.com\/fr\/wp-json\/wp\/v2\/pages\/1566\/revisions\/2064"}],"wp:attachment":[{"href":"https:\/\/acoinstitute.com\/fr\/wp-json\/wp\/v2\/media?parent=1566"}],"curies":[{"name":"wp","href":"https:\/\/api.w.org\/{rel}","templated":true}]}}