{"id":1611,"date":"2020-07-29T12:30:53","date_gmt":"2020-07-29T12:30:53","guid":{"rendered":"https:\/\/aco-institute.com\/?page_id=1611"},"modified":"2021-03-12T08:53:20","modified_gmt":"2021-03-12T08:53:20","slug":"formations-continues","status":"publish","type":"page","link":"https:\/\/acoinstitute.com\/fr\/formations-continues\/","title":{"rendered":"FORMATIONS CONTINUES"},"content":{"rendered":"\t\t<div data-elementor-type=\"wp-page\" data-elementor-id=\"1611\" class=\"elementor elementor-1611\" data-elementor-settings=\"[]\">\n\t\t\t\t\t\t<div class=\"elementor-inner\">\n\t\t\t\t\t\t\t<div class=\"elementor-section-wrap\">\n\t\t\t\t\t\t\t<section class=\"elementor-section elementor-top-section elementor-element elementor-element-92a0095 elementor-section-height-min-height animated-slow elementor-section-boxed elementor-section-height-default elementor-section-items-middle elementor-invisible\" data-id=\"92a0095\" data-element_type=\"section\" data-settings=\"{&quot;background_background&quot;:&quot;classic&quot;,&quot;animation&quot;:&quot;fadeIn&quot;}\">\n\t\t\t\t\t\t<div class=\"elementor-container elementor-column-gap-default\">\n\t\t\t\t\t\t\t<div class=\"elementor-row\">\n\t\t\t\t\t<div class=\"elementor-column elementor-col-100 elementor-top-column elementor-element elementor-element-dac3440\" data-id=\"dac3440\" data-element_type=\"column\">\n\t\t\t<div class=\"elementor-column-wrap\">\n\t\t\t\t\t\t\t<div class=\"elementor-widget-wrap\">\n\t\t\t\t\t\t\t\t<\/div>\n\t\t\t\t\t<\/div>\n\t\t<\/div>\n\t\t\t\t\t\t\t\t<\/div>\n\t\t\t\t\t<\/div>\n\t\t<\/section>\n\t\t\t\t<section class=\"elementor-section elementor-top-section elementor-element elementor-element-ecb34fa animated-slow elementor-section-boxed elementor-section-height-default elementor-section-height-default elementor-invisible\" data-id=\"ecb34fa\" data-element_type=\"section\" data-settings=\"{&quot;animation&quot;:&quot;fadeIn&quot;}\">\n\t\t\t\t\t\t<div class=\"elementor-container elementor-column-gap-default\">\n\t\t\t\t\t\t\t<div class=\"elementor-row\">\n\t\t\t\t\t<div class=\"elementor-column elementor-col-100 elementor-top-column elementor-element elementor-element-43bde2c\" data-id=\"43bde2c\" data-element_type=\"column\">\n\t\t\t<div class=\"elementor-column-wrap elementor-element-populated\">\n\t\t\t\t\t\t\t<div class=\"elementor-widget-wrap\">\n\t\t\t\t\t\t<div class=\"elementor-element elementor-element-778451b elementor-widget elementor-widget-heading\" data-id=\"778451b\" data-element_type=\"widget\" data-widget_type=\"heading.default\">\n\t\t\t\t<div class=\"elementor-widget-container\">\n\t\t\t<h3 class=\"elementor-heading-title elementor-size-default\">Formations Continues<\/h3>\t\t<\/div>\n\t\t\t\t<\/div>\n\t\t\t\t\t\t<\/div>\n\t\t\t\t\t<\/div>\n\t\t<\/div>\n\t\t\t\t\t\t\t\t<\/div>\n\t\t\t\t\t<\/div>\n\t\t<\/section>\n\t\t\t\t<section class=\"elementor-section elementor-top-section elementor-element elementor-element-413cb99 animated-slow elementor-section-boxed elementor-section-height-default elementor-section-height-default elementor-invisible\" data-id=\"413cb99\" data-element_type=\"section\" data-settings=\"{&quot;animation&quot;:&quot;fadeIn&quot;,&quot;animation_delay&quot;:400}\">\n\t\t\t\t\t\t<div class=\"elementor-container elementor-column-gap-default\">\n\t\t\t\t\t\t\t<div class=\"elementor-row\">\n\t\t\t\t\t<div class=\"elementor-column elementor-col-100 elementor-top-column elementor-element elementor-element-faffc39\" data-id=\"faffc39\" data-element_type=\"column\">\n\t\t\t<div class=\"elementor-column-wrap elementor-element-populated\">\n\t\t\t\t\t\t\t<div class=\"elementor-widget-wrap\">\n\t\t\t\t\t\t<div class=\"elementor-element elementor-element-a519563 elementor-widget elementor-widget-text-editor\" data-id=\"a519563\" data-element_type=\"widget\" data-widget_type=\"text-editor.default\">\n\t\t\t\t<div class=\"elementor-widget-container\">\n\t\t\t\t\t\t\t\t<div class=\"elementor-text-editor elementor-clearfix\">\n\t\t\t\t\t<p>Ces programmes sont destin\u00e9s \u00e0 offrir aux participants des cours et des s\u00e9minaires portant sur des sujets sp\u00e9cifiques cibl\u00e9s dans le domaine de l\u2019orthodontie et de l\u2019orthop\u00e9die-dentofaciale.<\/p><p>Con\u00e7us pour r\u00e9pondre aux besoins d\u2019un grand nombre de praticien, ces formations continues sont dispens\u00e9es \u00e0 travers des s\u00e9minaires. Une large vari\u00e9t\u00e9 de sujets est planifi\u00e9e, vous offrant la possibilit\u00e9 de choisir ceux qui couvrent les th\u00e8mes qui vous int\u00e9ressent ou que vous voulez approfondir.<\/p>\t\t\t\t\t<\/div>\n\t\t\t\t\t\t<\/div>\n\t\t\t\t<\/div>\n\t\t\t\t\t\t<\/div>\n\t\t\t\t\t<\/div>\n\t\t<\/div>\n\t\t\t\t\t\t\t\t<\/div>\n\t\t\t\t\t<\/div>\n\t\t<\/section>\n\t\t\t\t<section class=\"elementor-section elementor-top-section elementor-element elementor-element-0b4cf9c animated-slow elementor-section-boxed elementor-section-height-default elementor-section-height-default elementor-invisible\" data-id=\"0b4cf9c\" data-element_type=\"section\" data-settings=\"{&quot;animation&quot;:&quot;fadeIn&quot;,&quot;animation_delay&quot;:800}\">\n\t\t\t\t\t\t<div class=\"elementor-container elementor-column-gap-default\">\n\t\t\t\t\t\t\t<div class=\"elementor-row\">\n\t\t\t\t\t<div class=\"elementor-column elementor-col-50 elementor-top-column elementor-element elementor-element-b8239df\" data-id=\"b8239df\" data-element_type=\"column\">\n\t\t\t<div class=\"elementor-column-wrap elementor-element-populated\">\n\t\t\t\t\t\t\t<div class=\"elementor-widget-wrap\">\n\t\t\t\t\t\t<div class=\"elementor-element elementor-element-bf833a1 elementor-widget elementor-widget-text-editor\" data-id=\"bf833a1\" data-element_type=\"widget\" data-widget_type=\"text-editor.default\">\n\t\t\t\t<div class=\"elementor-widget-container\">\n\t\t\t\t\t\t\t\t<div class=\"elementor-text-editor elementor-clearfix\">\n\t\t\t\t\t<p><strong>Les d\u00e9tails de ces programmes de formations continues peuvent \u00eatre envoy\u00e9s par courrier \u00e9lectronique sur demande.<\/strong><\/p>\n<p><strong>&nbsp;Les informations cl\u00e9s sont les suivantes:<\/strong><\/p>\t\t\t\t\t<\/div>\n\t\t\t\t\t\t<\/div>\n\t\t\t\t<\/div>\n\t\t\t\t\t\t<\/div>\n\t\t\t\t\t<\/div>\n\t\t<\/div>\n\t\t\t\t<div class=\"elementor-column elementor-col-50 elementor-top-column elementor-element elementor-element-bd71bb7\" data-id=\"bd71bb7\" data-element_type=\"column\">\n\t\t\t<div class=\"elementor-column-wrap elementor-element-populated\">\n\t\t\t\t\t\t\t<div class=\"elementor-widget-wrap\">\n\t\t\t\t\t\t<div class=\"elementor-element elementor-element-8d76611 elementor-widget elementor-widget-text-editor\" data-id=\"8d76611\" data-element_type=\"widget\" data-widget_type=\"text-editor.default\">\n\t\t\t\t<div class=\"elementor-widget-container\">\n\t\t\t\t\t\t\t\t<div class=\"elementor-text-editor elementor-clearfix\">\n\t\t\t\t\t<ul><li><strong>Lieu :<\/strong> Paris, France ou tout autre lieu selon la demande des participants.<\/li><li><strong>Nombre de participants :<\/strong> Un minimum de quinze participants est requis.<\/li><li><strong>Pr\u00e9sence :<\/strong> Un ou deux jours selon le sujet trait\u00e9.<\/li><li><strong>Dates de d\u00e9but :<\/strong> Janvier 2021.<\/li><li><strong>Les langues :<\/strong> Fran\u00e7ais, Anglais et Espagnol.<\/li><li><strong>Niveau d\u2019\u00e9tude :<\/strong> Orthodontistes et \u00e9tudiants de sp\u00e9cialit\u00e9 en orthodontie.<\/li><li><strong>Honoraires :<\/strong> Quatre cent quatre-vingt dix euros (490 \u20ac).<\/li><\/ul>\t\t\t\t\t<\/div>\n\t\t\t\t\t\t<\/div>\n\t\t\t\t<\/div>\n\t\t\t\t\t\t<\/div>\n\t\t\t\t\t<\/div>\n\t\t<\/div>\n\t\t\t\t\t\t\t\t<\/div>\n\t\t\t\t\t<\/div>\n\t\t<\/section>\n\t\t\t\t<section class=\"elementor-section elementor-top-section elementor-element elementor-element-991444e animated-slow elementor-section-boxed elementor-section-height-default elementor-section-height-default elementor-invisible\" data-id=\"991444e\" data-element_type=\"section\" data-settings=\"{&quot;animation&quot;:&quot;fadeIn&quot;,&quot;animation_delay&quot;:1200}\">\n\t\t\t\t\t\t<div class=\"elementor-container elementor-column-gap-default\">\n\t\t\t\t\t\t\t<div class=\"elementor-row\">\n\t\t\t\t\t<div class=\"elementor-column elementor-col-50 elementor-top-column elementor-element elementor-element-6ad5692\" data-id=\"6ad5692\" data-element_type=\"column\">\n\t\t\t<div class=\"elementor-column-wrap elementor-element-populated\">\n\t\t\t\t\t\t\t<div class=\"elementor-widget-wrap\">\n\t\t\t\t\t\t<div class=\"elementor-element elementor-element-cb4ab67 elementor-widget elementor-widget-text-editor\" data-id=\"cb4ab67\" data-element_type=\"widget\" data-widget_type=\"text-editor.default\">\n\t\t\t\t<div class=\"elementor-widget-container\">\n\t\t\t\t\t\t\t\t<div class=\"elementor-text-editor elementor-clearfix\">\n\t\t\t\t\t<p><strong>Le programme couvre tous les aspects de l&rsquo;orthodontie et traite les 15 sujets suivants:<\/strong><\/p>\t\t\t\t\t<\/div>\n\t\t\t\t\t\t<\/div>\n\t\t\t\t<\/div>\n\t\t\t\t\t\t<\/div>\n\t\t\t\t\t<\/div>\n\t\t<\/div>\n\t\t\t\t<div class=\"elementor-column elementor-col-50 elementor-top-column elementor-element elementor-element-a0e2220\" data-id=\"a0e2220\" data-element_type=\"column\">\n\t\t\t<div class=\"elementor-column-wrap elementor-element-populated\">\n\t\t\t\t\t\t\t<div class=\"elementor-widget-wrap\">\n\t\t\t\t\t\t<div class=\"elementor-element elementor-element-8ade89c elementor-widget elementor-widget-text-editor\" data-id=\"8ade89c\" data-element_type=\"widget\" data-widget_type=\"text-editor.default\">\n\t\t\t\t<div class=\"elementor-widget-container\">\n\t\t\t\t\t\t\t\t<div class=\"elementor-text-editor elementor-clearfix\">\n\t\t\t\t\t<ul>\n<li>La classe II :&nbsp;<em> Z. BENTAHAR and J. BOUSERHAL<\/em><\/li>\n<li>Les asym\u00e9tries : <em> Z. BENTAHAR and J. BOUSERHAL<\/em><\/li>\n<li>Les mini-implants : <em> J. BOUSERHAL<\/em><\/li>\n<li>Les aligneurs : <em> G. LECOCQ<\/em><\/li>\n<li>L&rsquo;orthodontie linguale : <em> G. LECOCQ<\/em><\/li>\n<li>La dimension verticale : <em> J. BOUSERHAL<\/em><\/li>\n<li>L&rsquo;orthodontie interceptive :<em> J. BOUSERHAL<\/em><\/li>\n<li>Les finitions en orthodontie : <em> Z. BENTAHAR<\/em><\/li>\n<li>La biom\u00e9canique en orthodontie : <em> Z. BENTAHAR<\/em><\/li>\n<li>L&rsquo;esth\u00e9tique en orthodontie :<em> J. BOUSERHAL<\/em><\/li>\n<li>Planification des traitements en orthodontie :<em> J. BOUSERHAL<\/em><\/li>\n<li>Les traitements orthodontico-chirurgicaux : <em> Z. BENTAHAR<\/em><\/li>\n<li>L&rsquo;orthodontie num\u00e9rique : <em> G. LECOCQ<\/em><\/li>\n<li>Les apn\u00e9es du sommeil en orthodontie :<em> J. BOUSERHAL<\/em><\/li>\n<li>L&rsquo;imagerie 3D en orthodontie :<em> J. BOUSERHAL&nbsp; &nbsp;<\/em><\/li>\n<\/ul>\t\t\t\t\t<\/div>\n\t\t\t\t\t\t<\/div>\n\t\t\t\t<\/div>\n\t\t\t\t\t\t<\/div>\n\t\t\t\t\t<\/div>\n\t\t<\/div>\n\t\t\t\t\t\t\t\t<\/div>\n\t\t\t\t\t<\/div>\n\t\t<\/section>\n\t\t\t\t<section class=\"elementor-section elementor-top-section elementor-element elementor-element-4192d9c animated-slow elementor-section-boxed elementor-section-height-default elementor-section-height-default elementor-invisible\" data-id=\"4192d9c\" data-element_type=\"section\" data-settings=\"{&quot;animation&quot;:&quot;fadeIn&quot;,&quot;animation_delay&quot;:600}\">\n\t\t\t\t\t\t<div class=\"elementor-container elementor-column-gap-default\">\n\t\t\t\t\t\t\t<div class=\"elementor-row\">\n\t\t\t\t\t<div class=\"elementor-column elementor-col-100 elementor-top-column elementor-element elementor-element-e2d5eca\" data-id=\"e2d5eca\" data-element_type=\"column\">\n\t\t\t<div class=\"elementor-column-wrap elementor-element-populated\">\n\t\t\t\t\t\t\t<div class=\"elementor-widget-wrap\">\n\t\t\t\t\t\t<div class=\"elementor-element elementor-element-dea430f elementor-widget elementor-widget-heading\" data-id=\"dea430f\" data-element_type=\"widget\" data-widget_type=\"heading.default\">\n\t\t\t\t<div class=\"elementor-widget-container\">\n\t\t\t<h2 class=\"elementor-heading-title elementor-size-default\"><a href=\"mailto:info@aco-institute.com\" target=\"_blank\">Pour plus d'informations, veuillez envoyer un courriel \u00e0<br>info@aco-institute.com<br>et nous nous ferons un plaisir de vous aider.<\/a><\/h2>\t\t<\/div>\n\t\t\t\t<\/div>\n\t\t\t\t\t\t<\/div>\n\t\t\t\t\t<\/div>\n\t\t<\/div>\n\t\t\t\t\t\t\t\t<\/div>\n\t\t\t\t\t<\/div>\n\t\t<\/section>\n\t\t\t\t\t\t<\/div>\n\t\t\t\t\t\t<\/div>\n\t\t\t\t\t<\/div>\n\t\t","protected":false},"excerpt":{"rendered":"<p>Formations Continues Ces programmes sont destin\u00e9s \u00e0 offrir aux participants des cours et des s\u00e9minaires portant sur des sujets sp\u00e9cifiques&#8230;<\/p>\n","protected":false},"author":1,"featured_media":0,"parent":0,"menu_order":0,"comment_status":"closed","ping_status":"closed","template":"elementor_header_footer","meta":[],"_links":{"self":[{"href":"https:\/\/acoinstitute.com\/fr\/wp-json\/wp\/v2\/pages\/1611"}],"collection":[{"href":"https:\/\/acoinstitute.com\/fr\/wp-json\/wp\/v2\/pages"}],"about":[{"href":"https:\/\/acoinstitute.com\/fr\/wp-json\/wp\/v2\/types\/page"}],"author":[{"embeddable":true,"href":"https:\/\/acoinstitute.com\/fr\/wp-json\/wp\/v2\/users\/1"}],"replies":[{"embeddable":true,"href":"https:\/\/acoinstitute.com\/fr\/wp-json\/wp\/v2\/comments?post=1611"}],"version-history":[{"count":33,"href":"https:\/\/acoinstitute.com\/fr\/wp-json\/wp\/v2\/pages\/1611\/revisions"}],"predecessor-version":[{"id":2003,"href":"https:\/\/acoinstitute.com\/fr\/wp-json\/wp\/v2\/pages\/1611\/revisions\/2003"}],"wp:attachment":[{"href":"https:\/\/acoinstitute.com\/fr\/wp-json\/wp\/v2\/media?parent=1611"}],"curies":[{"name":"wp","href":"https:\/\/api.w.org\/{rel}","templated":true}]}}