{"id":1697,"date":"2020-08-11T08:27:29","date_gmt":"2020-08-11T08:27:29","guid":{"rendered":"https:\/\/aco-institute.com\/?page_id=1697"},"modified":"2021-03-12T08:57:22","modified_gmt":"2021-03-12T08:57:22","slug":"in-office-course","status":"publish","type":"page","link":"https:\/\/acoinstitute.com\/fr\/in-office-course\/","title":{"rendered":"IN-OFFICE COURSE"},"content":{"rendered":"\t\t<div data-elementor-type=\"wp-page\" data-elementor-id=\"1697\" class=\"elementor elementor-1697\" data-elementor-settings=\"[]\">\n\t\t\t\t\t\t<div class=\"elementor-inner\">\n\t\t\t\t\t\t\t<div class=\"elementor-section-wrap\">\n\t\t\t\t\t\t\t<section class=\"elementor-section elementor-top-section elementor-element elementor-element-a13f2e0 elementor-section-height-min-height animated-slow elementor-section-boxed elementor-section-height-default elementor-section-items-middle elementor-invisible\" data-id=\"a13f2e0\" data-element_type=\"section\" data-settings=\"{&quot;background_background&quot;:&quot;classic&quot;,&quot;animation&quot;:&quot;fadeIn&quot;}\">\n\t\t\t\t\t\t<div class=\"elementor-container elementor-column-gap-default\">\n\t\t\t\t\t\t\t<div class=\"elementor-row\">\n\t\t\t\t\t<div class=\"elementor-column elementor-col-100 elementor-top-column elementor-element elementor-element-03fe08e\" data-id=\"03fe08e\" data-element_type=\"column\">\n\t\t\t<div class=\"elementor-column-wrap\">\n\t\t\t\t\t\t\t<div class=\"elementor-widget-wrap\">\n\t\t\t\t\t\t\t\t<\/div>\n\t\t\t\t\t<\/div>\n\t\t<\/div>\n\t\t\t\t\t\t\t\t<\/div>\n\t\t\t\t\t<\/div>\n\t\t<\/section>\n\t\t\t\t<section class=\"elementor-section elementor-top-section elementor-element elementor-element-160749e animated-slow elementor-section-boxed elementor-section-height-default elementor-section-height-default elementor-invisible\" data-id=\"160749e\" data-element_type=\"section\" data-settings=\"{&quot;animation&quot;:&quot;fadeIn&quot;}\">\n\t\t\t\t\t\t<div class=\"elementor-container elementor-column-gap-default\">\n\t\t\t\t\t\t\t<div class=\"elementor-row\">\n\t\t\t\t\t<div class=\"elementor-column elementor-col-100 elementor-top-column elementor-element elementor-element-c0a8586\" data-id=\"c0a8586\" data-element_type=\"column\">\n\t\t\t<div class=\"elementor-column-wrap elementor-element-populated\">\n\t\t\t\t\t\t\t<div class=\"elementor-widget-wrap\">\n\t\t\t\t\t\t<div class=\"elementor-element elementor-element-261b13e elementor-widget elementor-widget-heading\" data-id=\"261b13e\" data-element_type=\"widget\" data-widget_type=\"heading.default\">\n\t\t\t\t<div class=\"elementor-widget-container\">\n\t\t\t<h3 class=\"elementor-heading-title elementor-size-default\">COURS IN-OFFICE\u200b<\/h3>\t\t<\/div>\n\t\t\t\t<\/div>\n\t\t\t\t\t\t<\/div>\n\t\t\t\t\t<\/div>\n\t\t<\/div>\n\t\t\t\t\t\t\t\t<\/div>\n\t\t\t\t\t<\/div>\n\t\t<\/section>\n\t\t\t\t<section class=\"elementor-section elementor-top-section elementor-element elementor-element-c0ccf6a animated-slow elementor-section-boxed elementor-section-height-default elementor-section-height-default elementor-invisible\" data-id=\"c0ccf6a\" data-element_type=\"section\" data-settings=\"{&quot;animation&quot;:&quot;fadeIn&quot;,&quot;animation_delay&quot;:400}\">\n\t\t\t\t\t\t<div class=\"elementor-container elementor-column-gap-default\">\n\t\t\t\t\t\t\t<div class=\"elementor-row\">\n\t\t\t\t\t<div class=\"elementor-column elementor-col-100 elementor-top-column elementor-element elementor-element-f163930\" data-id=\"f163930\" data-element_type=\"column\">\n\t\t\t<div class=\"elementor-column-wrap elementor-element-populated\">\n\t\t\t\t\t\t\t<div class=\"elementor-widget-wrap\">\n\t\t\t\t\t\t<div class=\"elementor-element elementor-element-ca96edf elementor-widget elementor-widget-text-editor\" data-id=\"ca96edf\" data-element_type=\"widget\" data-widget_type=\"text-editor.default\">\n\t\t\t\t<div class=\"elementor-widget-container\">\n\t\t\t\t\t\t\t\t<div class=\"elementor-text-editor elementor-clearfix\">\n\t\t\t\t\t<p class=\"p1\"><span class=\"s1\">Ces cours sont destin\u00e9s \u00e0 offrir aux participants la possibilit\u00e9 de passer du temps dans nos cabinets d&rsquo;orthodontie.<\/span><\/p><p class=\"p1\"><span class=\"s1\">Nous vous expliquerons comment g\u00e9rer efficacement les patients, depuis le management jusqu&rsquo;\u00e0 la pratique clinique, ainsi que la mani\u00e8re d&rsquo;int\u00e9grer les derni\u00e8res technologies\u00a0 et leurs applications cliniques actuelles.<\/span><\/p><p class=\"p1\"><span class=\"s1\">Cette formation comprend des conf\u00e9rences et des sessions de discussion de cas, ainsi que le suivi de cas en traitement actif. De nombreux conseils pratiques seront abord\u00e9s et des protocoles cliniques seront discut\u00e9s afin de vous permettre de ma\u00eetriser pleinement vos cas.<\/span><\/p>\t\t\t\t\t<\/div>\n\t\t\t\t\t\t<\/div>\n\t\t\t\t<\/div>\n\t\t\t\t\t\t<\/div>\n\t\t\t\t\t<\/div>\n\t\t<\/div>\n\t\t\t\t\t\t\t\t<\/div>\n\t\t\t\t\t<\/div>\n\t\t<\/section>\n\t\t\t\t<section class=\"elementor-section elementor-top-section elementor-element elementor-element-1257daf animated-slow elementor-section-boxed elementor-section-height-default elementor-section-height-default elementor-invisible\" data-id=\"1257daf\" data-element_type=\"section\" data-settings=\"{&quot;animation&quot;:&quot;fadeIn&quot;,&quot;animation_delay&quot;:800}\">\n\t\t\t\t\t\t<div class=\"elementor-container elementor-column-gap-default\">\n\t\t\t\t\t\t\t<div class=\"elementor-row\">\n\t\t\t\t\t<div class=\"elementor-column elementor-col-50 elementor-top-column elementor-element elementor-element-52ca806\" data-id=\"52ca806\" data-element_type=\"column\">\n\t\t\t<div class=\"elementor-column-wrap elementor-element-populated\">\n\t\t\t\t\t\t\t<div class=\"elementor-widget-wrap\">\n\t\t\t\t\t\t<div class=\"elementor-element elementor-element-80f4438 elementor-widget elementor-widget-text-editor\" data-id=\"80f4438\" data-element_type=\"widget\" data-widget_type=\"text-editor.default\">\n\t\t\t\t<div class=\"elementor-widget-container\">\n\t\t\t\t\t\t\t\t<div class=\"elementor-text-editor elementor-clearfix\">\n\t\t\t\t\t<p class=\"p1\"><span class=\"s1\"><b>Les d\u00e9tails des cours in-office peuvent \u00eatre envoy\u00e9s par courrier \u00e9lectronique sur demande.<\/b><\/span><\/p>\n<p class=\"p1\"><span class=\"s1\"><b>&nbsp;Les informations cl\u00e9s sont les suivantes:<\/b><\/span><\/p>\t\t\t\t\t<\/div>\n\t\t\t\t\t\t<\/div>\n\t\t\t\t<\/div>\n\t\t\t\t\t\t<\/div>\n\t\t\t\t\t<\/div>\n\t\t<\/div>\n\t\t\t\t<div class=\"elementor-column elementor-col-50 elementor-top-column elementor-element elementor-element-6f0adf7\" data-id=\"6f0adf7\" data-element_type=\"column\">\n\t\t\t<div class=\"elementor-column-wrap elementor-element-populated\">\n\t\t\t\t\t\t\t<div class=\"elementor-widget-wrap\">\n\t\t\t\t\t\t<div class=\"elementor-element elementor-element-22defb9 elementor-widget elementor-widget-text-editor\" data-id=\"22defb9\" data-element_type=\"widget\" data-widget_type=\"text-editor.default\">\n\t\t\t\t<div class=\"elementor-widget-container\">\n\t\t\t\t\t\t\t\t<div class=\"elementor-text-editor elementor-clearfix\">\n\t\t\t\t\t<ul><li><b><\/b><span class=\"s2\"><b>Lieu :<\/b> Valenciennes en France, Casablanca au Maroc, Beyrouth au Liban.<\/span><\/li><li class=\"li1\"><b><\/b><span class=\"s2\"><b>Nombre de participants :<\/b> Un petit groupe pour faciliter les \u00e9changes.<\/span><\/li><li class=\"li1\"><b><\/b><span class=\"s2\"><b>Pr\u00e9sence :<\/b> Un ou deux jours complets.<\/span><\/li><li class=\"li1\"><b><\/b><span class=\"s2\"><b>Dates de d\u00e9but : <\/b>Janvier 2021.<\/span><\/li><li class=\"li1\"><b><\/b><span class=\"s2\"><b>Les langues :<\/b> Fran\u00e7ais, Anglais et Espagnol.<\/span><\/li><li class=\"li1\"><b><\/b><span class=\"s2\"><b>Niveau d\u2019\u00e9tude :<\/b> Orthodontistes et \u00e9tudiants de sp\u00e9cialit\u00e9 en orthodontie.<\/span><\/li><li class=\"li1\"><b><\/b><span class=\"s2\"><b>Honoraires :<\/b> Sept cent cinquante euros par jour (750 \u20ac\/jour).\u00a0<\/span><\/li><\/ul>\t\t\t\t\t<\/div>\n\t\t\t\t\t\t<\/div>\n\t\t\t\t<\/div>\n\t\t\t\t\t\t<\/div>\n\t\t\t\t\t<\/div>\n\t\t<\/div>\n\t\t\t\t\t\t\t\t<\/div>\n\t\t\t\t\t<\/div>\n\t\t<\/section>\n\t\t\t\t<section class=\"elementor-section elementor-top-section elementor-element elementor-element-5c33aa2 animated-slow elementor-section-boxed elementor-section-height-default elementor-section-height-default elementor-invisible\" data-id=\"5c33aa2\" data-element_type=\"section\" data-settings=\"{&quot;animation&quot;:&quot;fadeIn&quot;,&quot;animation_delay&quot;:600}\">\n\t\t\t\t\t\t<div class=\"elementor-container elementor-column-gap-default\">\n\t\t\t\t\t\t\t<div class=\"elementor-row\">\n\t\t\t\t\t<div class=\"elementor-column elementor-col-100 elementor-top-column elementor-element elementor-element-34ef718\" data-id=\"34ef718\" data-element_type=\"column\">\n\t\t\t<div class=\"elementor-column-wrap elementor-element-populated\">\n\t\t\t\t\t\t\t<div class=\"elementor-widget-wrap\">\n\t\t\t\t\t\t<div class=\"elementor-element elementor-element-e601b11 elementor-widget elementor-widget-heading\" data-id=\"e601b11\" data-element_type=\"widget\" data-widget_type=\"heading.default\">\n\t\t\t\t<div class=\"elementor-widget-container\">\n\t\t\t<h2 class=\"elementor-heading-title elementor-size-default\"><a href=\"mailto:info@aco-institute.com\" target=\"_blank\">Pour plus d'informations, veuillez envoyer un courriel \u00e0<br>info@aco-institute.com<br>et nous nous ferons un plaisir de vous aider.<\/a><\/h2>\t\t<\/div>\n\t\t\t\t<\/div>\n\t\t\t\t\t\t<\/div>\n\t\t\t\t\t<\/div>\n\t\t<\/div>\n\t\t\t\t\t\t\t\t<\/div>\n\t\t\t\t\t<\/div>\n\t\t<\/section>\n\t\t\t\t\t\t<\/div>\n\t\t\t\t\t\t<\/div>\n\t\t\t\t\t<\/div>\n\t\t","protected":false},"excerpt":{"rendered":"<p>COURS IN-OFFICE\u200b Ces cours sont destin\u00e9s \u00e0 offrir aux participants la possibilit\u00e9 de passer du temps dans nos cabinets d&rsquo;orthodontie&#8230;.<\/p>\n","protected":false},"author":1,"featured_media":0,"parent":0,"menu_order":0,"comment_status":"closed","ping_status":"closed","template":"elementor_header_footer","meta":[],"_links":{"self":[{"href":"https:\/\/acoinstitute.com\/fr\/wp-json\/wp\/v2\/pages\/1697"}],"collection":[{"href":"https:\/\/acoinstitute.com\/fr\/wp-json\/wp\/v2\/pages"}],"about":[{"href":"https:\/\/acoinstitute.com\/fr\/wp-json\/wp\/v2\/types\/page"}],"author":[{"embeddable":true,"href":"https:\/\/acoinstitute.com\/fr\/wp-json\/wp\/v2\/users\/1"}],"replies":[{"embeddable":true,"href":"https:\/\/acoinstitute.com\/fr\/wp-json\/wp\/v2\/comments?post=1697"}],"version-history":[{"count":19,"href":"https:\/\/acoinstitute.com\/fr\/wp-json\/wp\/v2\/pages\/1697\/revisions"}],"predecessor-version":[{"id":2006,"href":"https:\/\/acoinstitute.com\/fr\/wp-json\/wp\/v2\/pages\/1697\/revisions\/2006"}],"wp:attachment":[{"href":"https:\/\/acoinstitute.com\/fr\/wp-json\/wp\/v2\/media?parent=1697"}],"curies":[{"name":"wp","href":"https:\/\/api.w.org\/{rel}","templated":true}]}}