{"id":2037,"date":"2021-04-12T15:16:28","date_gmt":"2021-04-12T15:16:28","guid":{"rendered":"https:\/\/aco-institute.com\/fr\/?page_id=2037"},"modified":"2021-04-12T16:41:32","modified_gmt":"2021-04-12T16:41:32","slug":"dates","status":"publish","type":"page","link":"https:\/\/acoinstitute.com\/fr\/dates\/","title":{"rendered":"Dates"},"content":{"rendered":"\t\t<div data-elementor-type=\"wp-page\" data-elementor-id=\"2037\" class=\"elementor elementor-2037\" data-elementor-settings=\"[]\">\n\t\t\t\t\t\t<div class=\"elementor-inner\">\n\t\t\t\t\t\t\t<div class=\"elementor-section-wrap\">\n\t\t\t\t\t\t\t<section class=\"elementor-section elementor-top-section elementor-element elementor-element-de48f8c animated-slow elementor-section-boxed elementor-section-height-default elementor-section-height-default elementor-invisible\" data-id=\"de48f8c\" data-element_type=\"section\" data-settings=\"{&quot;animation&quot;:&quot;fadeIn&quot;}\">\n\t\t\t\t\t\t<div class=\"elementor-container elementor-column-gap-default\">\n\t\t\t\t\t\t\t<div class=\"elementor-row\">\n\t\t\t\t\t<div class=\"elementor-column elementor-col-100 elementor-top-column elementor-element elementor-element-79fd92c\" data-id=\"79fd92c\" data-element_type=\"column\">\n\t\t\t<div class=\"elementor-column-wrap elementor-element-populated\">\n\t\t\t\t\t\t\t<div class=\"elementor-widget-wrap\">\n\t\t\t\t\t\t<div class=\"elementor-element elementor-element-6bbf499 elementor-widget elementor-widget-heading\" data-id=\"6bbf499\" data-element_type=\"widget\" data-widget_type=\"heading.default\">\n\t\t\t\t<div class=\"elementor-widget-container\">\n\t\t\t<h3 class=\"elementor-heading-title elementor-size-default\">Programme d'enseignement pour l'ann\u00e9e 2021<\/h3>\t\t<\/div>\n\t\t\t\t<\/div>\n\t\t\t\t\t\t<\/div>\n\t\t\t\t\t<\/div>\n\t\t<\/div>\n\t\t\t\t\t\t\t\t<\/div>\n\t\t\t\t\t<\/div>\n\t\t<\/section>\n\t\t\t\t<section class=\"elementor-section elementor-top-section elementor-element elementor-element-7c94c14 animated-slow elementor-section-boxed elementor-section-height-default elementor-section-height-default elementor-invisible\" data-id=\"7c94c14\" data-element_type=\"section\" data-settings=\"{&quot;animation&quot;:&quot;fadeIn&quot;,&quot;animation_delay&quot;:100}\">\n\t\t\t\t\t\t<div class=\"elementor-container elementor-column-gap-default\">\n\t\t\t\t\t\t\t<div class=\"elementor-row\">\n\t\t\t\t\t<div class=\"elementor-column elementor-col-100 elementor-top-column elementor-element elementor-element-6db4814\" data-id=\"6db4814\" data-element_type=\"column\">\n\t\t\t<div class=\"elementor-column-wrap elementor-element-populated\">\n\t\t\t\t\t\t\t<div class=\"elementor-widget-wrap\">\n\t\t\t\t\t\t<div class=\"elementor-element elementor-element-11837a0 elementor-widget elementor-widget-text-editor\" data-id=\"11837a0\" data-element_type=\"widget\" data-widget_type=\"text-editor.default\">\n\t\t\t\t<div class=\"elementor-widget-container\">\n\t\t\t\t\t\t\t\t<div class=\"elementor-text-editor elementor-clearfix\">\n\t\t\t\t\tLe programme d&rsquo;enseignement en pr\u00e9sentiel d\u00e9butera en mars 2021 et est situ\u00e9 \u00e0 Paris, France et Casablanca, Maroc. Il est donn\u00e9 en fran\u00e7ais et peut \u00eatre planifi\u00e9 en anglais ou en espagnol.\n<ul>\n \t<li>Ces dates sont sujettes \u00e0 changement si les conditions sanitaires ne permettent pas une r\u00e9union en petit groupe.<\/li>\n \t<li>En fonction de la demande et pour r\u00e9duire les d\u00e9placements, plusieurs programmes de formation peuvent \u00eatre dispens\u00e9s au cours d&rsquo;une m\u00eame session.\n<\/li>\n<\/ul>\t\t\t\t\t<\/div>\n\t\t\t\t\t\t<\/div>\n\t\t\t\t<\/div>\n\t\t\t\t\t\t<\/div>\n\t\t\t\t\t<\/div>\n\t\t<\/div>\n\t\t\t\t\t\t\t\t<\/div>\n\t\t\t\t\t<\/div>\n\t\t<\/section>\n\t\t\t\t<section class=\"elementor-section elementor-top-section elementor-element elementor-element-af9cff5 animated-slow elementor-section-boxed elementor-section-height-default elementor-section-height-default elementor-invisible\" data-id=\"af9cff5\" data-element_type=\"section\" data-settings=\"{&quot;animation&quot;:&quot;fadeIn&quot;,&quot;animation_delay&quot;:200}\">\n\t\t\t\t\t\t<div class=\"elementor-container elementor-column-gap-default\">\n\t\t\t\t\t\t\t<div class=\"elementor-row\">\n\t\t\t\t\t<div class=\"elementor-column elementor-col-100 elementor-top-column elementor-element elementor-element-377aae5\" data-id=\"377aae5\" data-element_type=\"column\">\n\t\t\t<div class=\"elementor-column-wrap elementor-element-populated\">\n\t\t\t\t\t\t\t<div class=\"elementor-widget-wrap\">\n\t\t\t\t\t\t<div class=\"elementor-element elementor-element-3190655 elementor-widget elementor-widget-text-editor\" data-id=\"3190655\" data-element_type=\"widget\" data-widget_type=\"text-editor.default\">\n\t\t\t\t<div class=\"elementor-widget-container\">\n\t\t\t\t\t\t\t\t<div class=\"elementor-text-editor elementor-clearfix\">\n\t\t\t\t\t<p><div id='wpt-table-1775778485960' class='jsgrid-theme-bluegray'><\/div><script type='text\/javascript'>(function() {function createTable() {if (window.wpt) {window.wpt.createTable({\"_id_div\":\"wpt-table-1775778485960\",\"_ctrl_url\":\"https:\\\/\\\/acoinstitute.com\\\/fr\\\/wp-admin\\\/admin-ajax.php?action=wpt_load_data&amp;table=2043&amp;_wpnonce=2168458cc8\",\"width\":\"100%\",\"height\":null,\"sorting\":true,\"selecting\":true,\"heading\":true,\"paging\":true,\"pageSize\":\"20\",\"autoload\":true,\"fields\":[{\"name\":\"f0\",\"title\":\"Programmes d'enseignement\",\"type\":\"text\",\"visible\":true,\"align\":\"center\",\"format\":\"\",\"currency_symbol\":\"\"},{\"name\":\"f1\",\"title\":\"Programmes d'enseignement\",\"type\":\"text\",\"visible\":true,\"align\":\"center\",\"format\":\"\",\"currency_symbol\":\"\"},{\"name\":\"f2\",\"title\":\"Docteurs\",\"type\":\"text\",\"visible\":true,\"align\":\"center\",\"format\":\"\",\"currency_symbol\":\"\"},{\"name\":\"f3\",\"title\":\"Dates\",\"type\":\"text\",\"visible\":true,\"align\":\"center\",\"format\":\"\",\"currency_symbol\":\"\"},{\"name\":\"f4\",\"title\":\"Location\",\"type\":\"text\",\"visible\":true,\"align\":\"center\",\"format\":\"\",\"currency_symbol\":\"\"}]});} else {setTimeout(createTable, 100);}}createTable();})();<\/script><\/p>\t\t\t\t\t<\/div>\n\t\t\t\t\t\t<\/div>\n\t\t\t\t<\/div>\n\t\t\t\t\t\t<\/div>\n\t\t\t\t\t<\/div>\n\t\t<\/div>\n\t\t\t\t\t\t\t\t<\/div>\n\t\t\t\t\t<\/div>\n\t\t<\/section>\n\t\t\t\t<section class=\"elementor-section elementor-top-section elementor-element elementor-element-36a1082 animated-slow elementor-section-boxed elementor-section-height-default elementor-section-height-default elementor-invisible\" data-id=\"36a1082\" data-element_type=\"section\" data-settings=\"{&quot;animation&quot;:&quot;fadeIn&quot;,&quot;animation_delay&quot;:200}\">\n\t\t\t\t\t\t<div class=\"elementor-container elementor-column-gap-default\">\n\t\t\t\t\t\t\t<div class=\"elementor-row\">\n\t\t\t\t\t<div class=\"elementor-column elementor-col-100 elementor-top-column elementor-element elementor-element-0733a75\" data-id=\"0733a75\" data-element_type=\"column\">\n\t\t\t<div class=\"elementor-column-wrap elementor-element-populated\">\n\t\t\t\t\t\t\t<div class=\"elementor-widget-wrap\">\n\t\t\t\t\t\t<div class=\"elementor-element elementor-element-c41425e elementor-widget elementor-widget-heading\" data-id=\"c41425e\" data-element_type=\"widget\" data-widget_type=\"heading.default\">\n\t\t\t\t<div class=\"elementor-widget-container\">\n\t\t\t<h3 class=\"elementor-heading-title elementor-size-default\">\t\tS\u00e9minaire ACO Institute<\/h3>\t\t<\/div>\n\t\t\t\t<\/div>\n\t\t\t\t<div class=\"elementor-element elementor-element-4a98c71 elementor-widget elementor-widget-text-editor\" data-id=\"4a98c71\" data-element_type=\"widget\" data-widget_type=\"text-editor.default\">\n\t\t\t\t<div class=\"elementor-widget-container\">\n\t\t\t\t\t\t\t\t<div class=\"elementor-text-editor elementor-clearfix\">\n\t\t\t\t\t<p><div id='wpt-table-1775778485550' class='jsgrid-theme-bluegray'><\/div><script type='text\/javascript'>(function() {function createTable() {if (window.wpt) {window.wpt.createTable({\"_id_div\":\"wpt-table-1775778485550\",\"_ctrl_url\":\"https:\\\/\\\/acoinstitute.com\\\/fr\\\/wp-admin\\\/admin-ajax.php?action=wpt_load_data&amp;table=2047&amp;_wpnonce=c4d240de03\",\"width\":\"100%\",\"height\":null,\"sorting\":true,\"selecting\":true,\"heading\":true,\"paging\":true,\"pageSize\":\"20\",\"autoload\":true,\"fields\":[{\"name\":\"f0\",\"title\":\"\",\"type\":\"text\",\"visible\":true,\"align\":\"center\",\"format\":\"\",\"currency_symbol\":\"\"},{\"name\":\"f1\",\"title\":\"\",\"type\":\"text\",\"visible\":true,\"format\":\"\",\"currency_symbol\":\"\"},{\"name\":\"f2\",\"title\":\"\",\"type\":\"text\",\"visible\":true,\"format\":\"\",\"currency_symbol\":\"\"},{\"name\":\"f3\",\"title\":\"\",\"type\":\"text\",\"visible\":true,\"format\":\"\",\"currency_symbol\":\"\"},{\"name\":\"f4\",\"title\":\"\",\"type\":\"text\",\"visible\":true,\"format\":\"\",\"currency_symbol\":\"\"}]});} else {setTimeout(createTable, 100);}}createTable();})();<\/script><\/p>\t\t\t\t\t<\/div>\n\t\t\t\t\t\t<\/div>\n\t\t\t\t<\/div>\n\t\t\t\t\t\t<\/div>\n\t\t\t\t\t<\/div>\n\t\t<\/div>\n\t\t\t\t\t\t\t\t<\/div>\n\t\t\t\t\t<\/div>\n\t\t<\/section>\n\t\t\t\t\t\t<\/div>\n\t\t\t\t\t\t<\/div>\n\t\t\t\t\t<\/div>\n\t\t","protected":false},"excerpt":{"rendered":"<p>Programme d&rsquo;enseignement pour l&rsquo;ann\u00e9e 2021 Le programme d&rsquo;enseignement en pr\u00e9sentiel d\u00e9butera en mars 2021 et est situ\u00e9 \u00e0 Paris, France&#8230;<\/p>\n","protected":false},"author":1,"featured_media":0,"parent":0,"menu_order":0,"comment_status":"closed","ping_status":"closed","template":"","meta":[],"_links":{"self":[{"href":"https:\/\/acoinstitute.com\/fr\/wp-json\/wp\/v2\/pages\/2037"}],"collection":[{"href":"https:\/\/acoinstitute.com\/fr\/wp-json\/wp\/v2\/pages"}],"about":[{"href":"https:\/\/acoinstitute.com\/fr\/wp-json\/wp\/v2\/types\/page"}],"author":[{"embeddable":true,"href":"https:\/\/acoinstitute.com\/fr\/wp-json\/wp\/v2\/users\/1"}],"replies":[{"embeddable":true,"href":"https:\/\/acoinstitute.com\/fr\/wp-json\/wp\/v2\/comments?post=2037"}],"version-history":[{"count":10,"href":"https:\/\/acoinstitute.com\/fr\/wp-json\/wp\/v2\/pages\/2037\/revisions"}],"predecessor-version":[{"id":2050,"href":"https:\/\/acoinstitute.com\/fr\/wp-json\/wp\/v2\/pages\/2037\/revisions\/2050"}],"wp:attachment":[{"href":"https:\/\/acoinstitute.com\/fr\/wp-json\/wp\/v2\/media?parent=2037"}],"curies":[{"name":"wp","href":"https:\/\/api.w.org\/{rel}","templated":true}]}}